{"id":230,"date":"2024-04-13T14:07:58","date_gmt":"2024-04-13T13:07:58","guid":{"rendered":"https:\/\/agilepartnership.com\/services\/"},"modified":"2024-09-15T10:31:26","modified_gmt":"2024-09-15T14:31:26","slug":"our-services","status":"publish","type":"page","link":"https:\/\/agilepartnership.com\/fr\/our-services\/","title":{"rendered":"Services"},"content":{"rendered":"<div data-elementor-type=\"wp-page\" data-elementor-id=\"230\" class=\"elementor elementor-230\" data-elementor-post-type=\"page\">\n\t\t\t\t<div class=\"elementor-element elementor-element-69c6236 e-flex e-con-boxed e-con e-parent\" data-id=\"69c6236\" data-element_type=\"container\" data-e-type=\"container\">\n\t\t\t\t\t<div class=\"e-con-inner\">\n\t\t\t\t<div class=\"elementor-element elementor-element-fb04fcf elementor-widget__width-inherit elementor-widget elementor-widget-heading\" data-id=\"fb04fcf\" data-element_type=\"widget\" data-e-type=\"widget\" data-widget_type=\"heading.default\">\n\t\t\t\t<div class=\"elementor-widget-container\">\n\t\t\t\t\t<h1 class=\"elementor-heading-title elementor-size-default\">Explore our Services<\/h1>\t\t\t\t<\/div>\n\t\t\t\t<\/div>\n\t\t\t\t<div class=\"elementor-element elementor-element-fe34a4c elementor-widget elementor-widget-heading\" data-id=\"fe34a4c\" data-element_type=\"widget\" data-e-type=\"widget\" data-widget_type=\"heading.default\">\n\t\t\t\t<div class=\"elementor-widget-container\">\n\t\t\t\t\t<h4 class=\"elementor-heading-title elementor-size-default\">Nous sommes un groupe d'expert en agilit\u00e9 <\/h4>\t\t\t\t<\/div>\n\t\t\t\t<\/div>\n\t\t\t\t\t<\/div>\n\t\t\t\t<\/div>\n\t\t<div class=\"elementor-element elementor-element-4abf18a e-flex e-con-boxed e-con e-parent\" data-id=\"4abf18a\" data-element_type=\"container\" data-e-type=\"container\">\n\t\t\t\t\t<div class=\"e-con-inner\">\n\t\t<div class=\"elementor-element elementor-element-f812d3c e-con-full e-flex e-con e-child\" data-id=\"f812d3c\" data-element_type=\"container\" data-e-type=\"container\">\n\t\t<div class=\"elementor-element elementor-element-790d91a e-con-full e-flex e-con e-child\" data-id=\"790d91a\" data-element_type=\"container\" data-e-type=\"container\">\n\t\t\t\t<div class=\"elementor-element elementor-element-0e3e9d1 elementor-position-top elementor-position-top elementor-widget elementor-widget-image-box\" data-id=\"0e3e9d1\" data-element_type=\"widget\" data-e-type=\"widget\" data-widget_type=\"image-box.default\">\n\t\t\t\t<div class=\"elementor-widget-container\">\n\t\t\t\t\t<div class=\"elementor-image-box-wrapper\"><figure class=\"elementor-image-box-img\"><a href=\"https:\/\/agilepartnership.com\/fr\/our-services\/agile-coaching\/\" tabindex=\"-1\"><img fetchpriority=\"high\" decoding=\"async\" width=\"1024\" height=\"1024\" src=\"https:\/\/agilepartnership.com\/wp-content\/uploads\/2024\/06\/desk.png\" class=\"elementor-animation-float attachment-full size-full wp-image-4337\" alt=\"\" srcset=\"https:\/\/agilepartnership.com\/wp-content\/uploads\/2024\/06\/desk.png 1024w, https:\/\/agilepartnership.com\/wp-content\/uploads\/2024\/06\/desk-300x300.png 300w, https:\/\/agilepartnership.com\/wp-content\/uploads\/2024\/06\/desk-150x150.png 150w, https:\/\/agilepartnership.com\/wp-content\/uploads\/2024\/06\/desk-768x768.png 768w, https:\/\/agilepartnership.com\/wp-content\/uploads\/2024\/06\/desk-12x12.png 12w\" sizes=\"(max-width: 1024px) 100vw, 1024px\" \/><\/a><\/figure><div class=\"elementor-image-box-content\"><h3 class=\"elementor-image-box-title\"><a href=\"https:\/\/agilepartnership.com\/fr\/our-services\/agile-coaching\/\">Coaching agile<\/a><\/h3><p class=\"elementor-image-box-description\">Nous travaillons avec vous pour mettre en place une r\u00e9organisation progressive qui favorisera un environnement de travail exceptionnel. En am\u00e9liorant la cr\u00e9ativit\u00e9, la productivit\u00e9 et l'efficacit\u00e9, vous obtiendrez des \u00e9quipes plus coh\u00e9sives qui se concentrent sur l'am\u00e9lioration des produits et services ainsi qu'un meilleur retour sur vos investissements.<\/p><\/div><\/div>\t\t\t\t<\/div>\n\t\t\t\t<\/div>\n\t\t\t\t<div class=\"elementor-element elementor-element-3270968 elementor-mobile-align-center elementor-widget elementor-widget-button\" data-id=\"3270968\" data-element_type=\"widget\" data-e-type=\"widget\" data-widget_type=\"button.default\">\n\t\t\t\t<div class=\"elementor-widget-container\">\n\t\t\t\t\t\t\t\t\t<div class=\"elementor-button-wrapper\">\n\t\t\t\t\t<a class=\"elementor-button elementor-button-link elementor-size-sm\" href=\"https:\/\/agilepartnership.com\/fr\/our-services\/agile-coaching\/\">\n\t\t\t\t\t\t<span class=\"elementor-button-content-wrapper\">\n\t\t\t\t\t\t\t\t\t<span class=\"elementor-button-text\">En savoir plus<\/span>\n\t\t\t\t\t<\/span>\n\t\t\t\t\t<\/a>\n\t\t\t\t<\/div>\n\t\t\t\t\t\t\t\t<\/div>\n\t\t\t\t<\/div>\n\t\t\t\t<\/div>\n\t\t<div class=\"elementor-element elementor-element-471716f e-con-full e-flex e-con e-child\" data-id=\"471716f\" data-element_type=\"container\" data-e-type=\"container\">\n\t\t\t\t<div class=\"elementor-element elementor-element-c62d4d6 elementor-position-top elementor-widget elementor-widget-image-box\" data-id=\"c62d4d6\" data-element_type=\"widget\" data-e-type=\"widget\" data-widget_type=\"image-box.default\">\n\t\t\t\t<div class=\"elementor-widget-container\">\n\t\t\t\t\t<div class=\"elementor-image-box-wrapper\"><figure class=\"elementor-image-box-img\"><a href=\"https:\/\/agilepartnership.com\/fr\/our-services\/agile-training\/\" tabindex=\"-1\"><img decoding=\"async\" width=\"1024\" height=\"1024\" src=\"https:\/\/agilepartnership.com\/wp-content\/uploads\/2024\/06\/training-rope.png\" class=\"elementor-animation-float attachment-full size-full wp-image-4374\" alt=\"\" srcset=\"https:\/\/agilepartnership.com\/wp-content\/uploads\/2024\/06\/training-rope.png 1024w, https:\/\/agilepartnership.com\/wp-content\/uploads\/2024\/06\/training-rope-300x300.png 300w, https:\/\/agilepartnership.com\/wp-content\/uploads\/2024\/06\/training-rope-150x150.png 150w, https:\/\/agilepartnership.com\/wp-content\/uploads\/2024\/06\/training-rope-768x768.png 768w, https:\/\/agilepartnership.com\/wp-content\/uploads\/2024\/06\/training-rope-12x12.png 12w\" sizes=\"(max-width: 1024px) 100vw, 1024px\" \/><\/a><\/figure><div class=\"elementor-image-box-content\"><h3 class=\"elementor-image-box-title\"><a href=\"https:\/\/agilepartnership.com\/fr\/our-services\/agile-training\/\">Formations agiles<\/a><\/h3><p class=\"elementor-image-box-description\">Nous avons form\u00e9 des milliers d'individus sur tous les aspects de l'agilit\u00e9 : organisation, \u00e9quipe, individu.<\/p><\/div><\/div>\t\t\t\t<\/div>\n\t\t\t\t<\/div>\n\t\t\t\t<div class=\"elementor-element elementor-element-258b094 elementor-mobile-align-center elementor-widget elementor-widget-button\" data-id=\"258b094\" data-element_type=\"widget\" data-e-type=\"widget\" data-widget_type=\"button.default\">\n\t\t\t\t<div class=\"elementor-widget-container\">\n\t\t\t\t\t\t\t\t\t<div class=\"elementor-button-wrapper\">\n\t\t\t\t\t<a class=\"elementor-button elementor-button-link elementor-size-sm\" href=\"https:\/\/agilepartnership.com\/fr\/our-services\/agile-training\/\">\n\t\t\t\t\t\t<span class=\"elementor-button-content-wrapper\">\n\t\t\t\t\t\t\t\t\t<span class=\"elementor-button-text\">En savoir plus<\/span>\n\t\t\t\t\t<\/span>\n\t\t\t\t\t<\/a>\n\t\t\t\t<\/div>\n\t\t\t\t\t\t\t\t<\/div>\n\t\t\t\t<\/div>\n\t\t\t\t<\/div>\n\t\t<div class=\"elementor-element elementor-element-dab40c7 e-con-full e-flex e-con e-child\" data-id=\"dab40c7\" data-element_type=\"container\" data-e-type=\"container\">\n\t\t\t\t<div class=\"elementor-element elementor-element-c2c1f47 elementor-position-top elementor-widget elementor-widget-image-box\" data-id=\"c2c1f47\" data-element_type=\"widget\" data-e-type=\"widget\" data-widget_type=\"image-box.default\">\n\t\t\t\t<div class=\"elementor-widget-container\">\n\t\t\t\t\t<div class=\"elementor-image-box-wrapper\"><figure class=\"elementor-image-box-img\"><a href=\"https:\/\/agilepartnership.com\/fr\/our-services\/a-la-carte-services\/\" tabindex=\"-1\"><img decoding=\"async\" width=\"1024\" height=\"1024\" src=\"https:\/\/agilepartnership.com\/wp-content\/uploads\/2024\/06\/Whiteboard.png\" class=\"elementor-animation-float attachment-full size-full wp-image-4367\" alt=\"\" srcset=\"https:\/\/agilepartnership.com\/wp-content\/uploads\/2024\/06\/Whiteboard.png 1024w, https:\/\/agilepartnership.com\/wp-content\/uploads\/2024\/06\/Whiteboard-300x300.png 300w, https:\/\/agilepartnership.com\/wp-content\/uploads\/2024\/06\/Whiteboard-150x150.png 150w, https:\/\/agilepartnership.com\/wp-content\/uploads\/2024\/06\/Whiteboard-768x768.png 768w, https:\/\/agilepartnership.com\/wp-content\/uploads\/2024\/06\/Whiteboard-12x12.png 12w\" sizes=\"(max-width: 1024px) 100vw, 1024px\" \/><\/a><\/figure><div class=\"elementor-image-box-content\"><h3 class=\"elementor-image-box-title\"><a href=\"https:\/\/agilepartnership.com\/fr\/our-services\/a-la-carte-services\/\">Services \u00e0 la carte<\/a><\/h3><p class=\"elementor-image-box-description\">Nous allons vous visiter pendant quelques heures, quelques jours ou quelques semaines afin d'offrir un service ponctuel.<\/p><\/div><\/div>\t\t\t\t<\/div>\n\t\t\t\t<\/div>\n\t\t\t\t<div class=\"elementor-element elementor-element-9b61bd0 elementor-mobile-align-center elementor-widget elementor-widget-button\" data-id=\"9b61bd0\" data-element_type=\"widget\" data-e-type=\"widget\" data-widget_type=\"button.default\">\n\t\t\t\t<div class=\"elementor-widget-container\">\n\t\t\t\t\t\t\t\t\t<div class=\"elementor-button-wrapper\">\n\t\t\t\t\t<a class=\"elementor-button elementor-button-link elementor-size-sm\" href=\"https:\/\/agilepartnership.com\/fr\/our-services\/a-la-carte-services\/\">\n\t\t\t\t\t\t<span class=\"elementor-button-content-wrapper\">\n\t\t\t\t\t\t\t\t\t<span class=\"elementor-button-text\">En savoir plus<\/span>\n\t\t\t\t\t<\/span>\n\t\t\t\t\t<\/a>\n\t\t\t\t<\/div>\n\t\t\t\t\t\t\t\t<\/div>\n\t\t\t\t<\/div>\n\t\t\t\t<\/div>\n\t\t<div class=\"elementor-element elementor-element-ddb1b70 e-con-full e-flex e-con e-child\" data-id=\"ddb1b70\" data-element_type=\"container\" data-e-type=\"container\">\n\t\t\t\t<div class=\"elementor-element elementor-element-73c6106 elementor-position-top elementor-widget elementor-widget-image-box\" data-id=\"73c6106\" data-element_type=\"widget\" data-e-type=\"widget\" data-widget_type=\"image-box.default\">\n\t\t\t\t<div class=\"elementor-widget-container\">\n\t\t\t\t\t<div class=\"elementor-image-box-wrapper\"><figure class=\"elementor-image-box-img\"><a href=\"https:\/\/agilepartnership.com\/fr\/our-services\/engineering-practices\/\" tabindex=\"-1\"><img loading=\"lazy\" decoding=\"async\" width=\"1024\" height=\"1024\" src=\"https:\/\/agilepartnership.com\/wp-content\/uploads\/2024\/06\/laptop.png\" class=\"elementor-animation-float attachment-full size-full wp-image-4373\" alt=\"\" srcset=\"https:\/\/agilepartnership.com\/wp-content\/uploads\/2024\/06\/laptop.png 1024w, https:\/\/agilepartnership.com\/wp-content\/uploads\/2024\/06\/laptop-300x300.png 300w, https:\/\/agilepartnership.com\/wp-content\/uploads\/2024\/06\/laptop-150x150.png 150w, https:\/\/agilepartnership.com\/wp-content\/uploads\/2024\/06\/laptop-768x768.png 768w, https:\/\/agilepartnership.com\/wp-content\/uploads\/2024\/06\/laptop-12x12.png 12w\" sizes=\"(max-width: 1024px) 100vw, 1024px\" \/><\/a><\/figure><div class=\"elementor-image-box-content\"><h3 class=\"elementor-image-box-title\"><a href=\"https:\/\/agilepartnership.com\/fr\/our-services\/engineering-practices\/\">Pratiques d'ing\u00e9nierie logiciel<\/a><\/h3><p class=\"elementor-image-box-description\">Le d\u00e9veloppement logiciel agile n\u00e9cessite l'apprentissage de certaines pratiques d'ing\u00e9nierie essentielles. Les \u00e9quipes agiles r\u00e9ussies valorisent l'excellence technique et ont ma\u00eetris\u00e9 plusieurs de ces pratiques.<\/p><\/div><\/div>\t\t\t\t<\/div>\n\t\t\t\t<\/div>\n\t\t\t\t<div class=\"elementor-element elementor-element-f6b988b elementor-mobile-align-center elementor-widget elementor-widget-button\" data-id=\"f6b988b\" data-element_type=\"widget\" data-e-type=\"widget\" data-widget_type=\"button.default\">\n\t\t\t\t<div class=\"elementor-widget-container\">\n\t\t\t\t\t\t\t\t\t<div class=\"elementor-button-wrapper\">\n\t\t\t\t\t<a class=\"elementor-button elementor-button-link elementor-size-sm\" href=\"https:\/\/agilepartnership.com\/fr\/our-services\/engineering-practices\/\">\n\t\t\t\t\t\t<span class=\"elementor-button-content-wrapper\">\n\t\t\t\t\t\t\t\t\t<span class=\"elementor-button-text\">En savoir plus<\/span>\n\t\t\t\t\t<\/span>\n\t\t\t\t\t<\/a>\n\t\t\t\t<\/div>\n\t\t\t\t\t\t\t\t<\/div>\n\t\t\t\t<\/div>\n\t\t\t\t<\/div>\n\t\t\t\t<\/div>\n\t\t\t\t\t<\/div>\n\t\t\t\t<\/div>\n\t\t\t\t<\/div>","protected":false},"excerpt":{"rendered":"<p>Explore our Services We are a group of leading experts in Agility Agile Coaching We work with you to implement a gradual reorganization that will promote an exceptional work environment. By improving creativity, productivity, and efficiency, you will achieve more cohesive teams that focus on improved products and services as well as a better return [&hellip;]<\/p>\n","protected":false},"author":1,"featured_media":0,"parent":0,"menu_order":0,"comment_status":"closed","ping_status":"closed","template":"elementor_header_footer","meta":{"_acf_changed":false,"_monsterinsights_skip_tracking":false,"_monsterinsights_sitenote_active":false,"_monsterinsights_sitenote_note":"","_monsterinsights_sitenote_category":0,"footnotes":""},"class_list":["post-230","page","type-page","status-publish","hentry"],"acf":[],"aioseo_notices":[],"_links":{"self":[{"href":"https:\/\/agilepartnership.com\/fr\/wp-json\/wp\/v2\/pages\/230","targetHints":{"allow":["GET"]}}],"collection":[{"href":"https:\/\/agilepartnership.com\/fr\/wp-json\/wp\/v2\/pages"}],"about":[{"href":"https:\/\/agilepartnership.com\/fr\/wp-json\/wp\/v2\/types\/page"}],"author":[{"embeddable":true,"href":"https:\/\/agilepartnership.com\/fr\/wp-json\/wp\/v2\/users\/1"}],"replies":[{"embeddable":true,"href":"https:\/\/agilepartnership.com\/fr\/wp-json\/wp\/v2\/comments?post=230"}],"version-history":[{"count":47,"href":"https:\/\/agilepartnership.com\/fr\/wp-json\/wp\/v2\/pages\/230\/revisions"}],"predecessor-version":[{"id":4971,"href":"https:\/\/agilepartnership.com\/fr\/wp-json\/wp\/v2\/pages\/230\/revisions\/4971"}],"wp:attachment":[{"href":"https:\/\/agilepartnership.com\/fr\/wp-json\/wp\/v2\/media?parent=230"}],"curies":[{"name":"wp","href":"https:\/\/api.w.org\/{rel}","templated":true}]}}