{"id":311,"date":"2024-04-13T14:35:19","date_gmt":"2024-04-13T13:35:19","guid":{"rendered":"https:\/\/agilepartnership.com\/?page_id=311"},"modified":"2024-11-01T15:35:50","modified_gmt":"2024-11-01T19:35:50","slug":"who-are-we","status":"publish","type":"page","link":"https:\/\/agilepartnership.com\/fr\/who-are-we\/","title":{"rendered":"Qui sommes-nous?"},"content":{"rendered":"<div data-elementor-type=\"wp-page\" data-elementor-id=\"311\" class=\"elementor elementor-311\" data-elementor-post-type=\"page\">\n\t\t\t\t<div class=\"elementor-element elementor-element-cbe4750 e-flex e-con-boxed e-con e-parent\" data-id=\"cbe4750\" data-element_type=\"container\" data-e-type=\"container\">\n\t\t\t\t\t<div class=\"e-con-inner\">\n\t\t<div class=\"elementor-element elementor-element-7658aee e-con-full e-flex e-con e-child\" data-id=\"7658aee\" data-element_type=\"container\" data-e-type=\"container\">\n\t\t\t\t<div class=\"elementor-element elementor-element-32f82bb elementor-widget elementor-widget-heading\" data-id=\"32f82bb\" data-element_type=\"widget\" data-e-type=\"widget\" data-widget_type=\"heading.default\">\n\t\t\t\t<div class=\"elementor-widget-container\">\n\t\t\t\t\t<h2 class=\"elementor-heading-title elementor-size-default\">How We Work<\/h2>\t\t\t\t<\/div>\n\t\t\t\t<\/div>\n\t\t\t\t<div class=\"elementor-element elementor-element-ccedb94 elementor-widget elementor-widget-text-editor\" data-id=\"ccedb94\" data-element_type=\"widget\" data-e-type=\"widget\" data-widget_type=\"text-editor.default\">\n\t\t\t\t<div class=\"elementor-widget-container\">\n\t\t\t\t\t\t\t\t\t<p><strong style=\"color: var( --e-global-color-text ); font-family: var( --e-global-typography-text-font-family ), Sans-serif; font-size: var( --e-global-typography-text-font-size ); font-style: var( --e-global-typography-text-font-style ); letter-spacing: var( --e-global-typography-text-letter-spacing ); text-transform: var( --e-global-typography-text-text-transform ); word-spacing: var( --e-global-typography-text-word-spacing ); text-align: var(--text-align); background-color: var( --e-global-color-3206ae6 );\">Quelle que soit votre entreprise, nous travaillerons de concert avec vous.<\/strong><\/p><p>En plus de nos nombreuses ann\u00e9es d\u2019exp\u00e9rience dans l\u2019industrie du d\u00e9veloppement logiciel, nous avons travaill\u00e9 avec des \u00e9quipes dans le domaine des ressources humaines, des communications et du marketing. Que vos \u00e9quipes aient tout simplement besoin d\u2019une assistance afin de mieux s\u2019organiser ou soient compl\u00e8tement embourb\u00e9s par des processus et des proc\u00e9dures trop complexes, l\u2019approche simple et compl\u00e8te d\u2019Agile Partnership am\u00e8nera une am\u00e9lioration marqu\u00e9e de la motivation du personnel et de l\u2019engagement. Votre organisation m\u00e9rite de r\u00e9colter les fruits d\u2019un mod\u00e8le plus rentable pour la prestation de ses solutions et de ses services.<\/p>\t\t\t\t\t\t\t\t<\/div>\n\t\t\t\t<\/div>\n\t\t\t\t<div class=\"elementor-element elementor-element-bf4f794 elementor-widget elementor-widget-text-editor\" data-id=\"bf4f794\" data-element_type=\"widget\" data-e-type=\"widget\" data-widget_type=\"text-editor.default\">\n\t\t\t\t<div class=\"elementor-widget-container\">\n\t\t\t\t\t\t\t\t\t<p>En mettant l\u2019accent sur les valeurs, principes et pratiques Agiles, nous travaillons avec vous afin de mettre en place une r\u00e9organisation progressive qui favorisera un environnement de travail exceptionnel. En am\u00e9liorant la cr\u00e9ativit\u00e9, la productivit\u00e9 et l\u2019efficacit\u00e9, vous obtiendrez des \u00e9quipes plus coh\u00e9rentes qui mettent l\u2019accent sur des produits et des services am\u00e9lior\u00e9s ainsi qu\u2019un meilleur retour sur vos investissements.<\/p>\t\t\t\t\t\t\t\t<\/div>\n\t\t\t\t<\/div>\n\t\t\t\t<\/div>\n\t\t<div class=\"elementor-element elementor-element-fdc5368 e-con-full e-flex e-con e-child\" data-id=\"fdc5368\" data-element_type=\"container\" data-e-type=\"container\">\n\t\t\t\t<div class=\"elementor-element elementor-element-90f8601 elementor-widget elementor-widget-heading\" data-id=\"90f8601\" data-element_type=\"widget\" data-e-type=\"widget\" data-widget_type=\"heading.default\">\n\t\t\t\t<div class=\"elementor-widget-container\">\n\t\t\t\t\t<h2 class=\"elementor-heading-title elementor-size-default\">Notre mission<\/h2>\t\t\t\t<\/div>\n\t\t\t\t<\/div>\n\t\t\t\t<div class=\"elementor-element elementor-element-1cb205c elementor-widget elementor-widget-text-editor\" data-id=\"1cb205c\" data-element_type=\"widget\" data-e-type=\"widget\" data-widget_type=\"text-editor.default\">\n\t\t\t\t<div class=\"elementor-widget-container\">\n\t\t\t\t\t\t\t\t\t<p>Antoine de Saint-Exup\u00e9ry r\u00e9sume bien la mission d\u2019 <strong>Agile Partnership <\/strong>\u2026<\/p>\t\t\t\t\t\t\t\t<\/div>\n\t\t\t\t<\/div>\n\t\t\t\t<div class=\"elementor-element elementor-element-ab56372 elementor-widget elementor-widget-text-editor\" data-id=\"ab56372\" data-element_type=\"widget\" data-e-type=\"widget\" data-widget_type=\"text-editor.default\">\n\t\t\t\t<div class=\"elementor-widget-container\">\n\t\t\t\t\t\t\t\t\t<blockquote><p><em>Si tu veux construire un bateau, ne rassemble pas tes hommes et femmes pour leur donner des ordres, pour expliquer chaque d\u00e9tail, pour leur dire o\u00f9 trouver chaque chose.  Si tu veux construire un bateau, fais na\u00eetre dans le c\u0153ur de tes hommes et femmes le d\u00e9sir de la mer.<\/em><\/p><\/blockquote>\t\t\t\t\t\t\t\t<\/div>\n\t\t\t\t<\/div>\n\t\t\t\t<div class=\"elementor-element elementor-element-7465ed9 elementor-widget elementor-widget-image\" data-id=\"7465ed9\" data-element_type=\"widget\" data-e-type=\"widget\" data-widget_type=\"image.default\">\n\t\t\t\t<div class=\"elementor-widget-container\">\n\t\t\t\t\t\t\t\t\t\t\t\t\t\t\t<img fetchpriority=\"high\" decoding=\"async\" width=\"575\" height=\"272\" src=\"https:\/\/agilepartnership.com\/wp-content\/uploads\/2024\/04\/AP-Logo.png\" class=\"attachment-large size-large wp-image-133\" alt=\"\" srcset=\"https:\/\/agilepartnership.com\/wp-content\/uploads\/2024\/04\/AP-Logo.png 575w, https:\/\/agilepartnership.com\/wp-content\/uploads\/2024\/04\/AP-Logo-300x142.png 300w\" sizes=\"(max-width: 575px) 100vw, 575px\" \/>\t\t\t\t\t\t\t\t\t\t\t\t\t\t\t<\/div>\n\t\t\t\t<\/div>\n\t\t\t\t<\/div>\n\t\t\t\t\t<\/div>\n\t\t\t\t<\/div>\n\t\t<div class=\"elementor-element elementor-element-e5a14ea e-flex e-con-boxed e-con e-parent\" data-id=\"e5a14ea\" data-element_type=\"container\" data-e-type=\"container\" data-settings=\"{&quot;background_background&quot;:&quot;classic&quot;}\">\n\t\t\t\t\t<div class=\"e-con-inner\">\n\t\t<div class=\"elementor-element elementor-element-1887c95 e-flex e-con-boxed e-con e-child\" data-id=\"1887c95\" data-element_type=\"container\" data-e-type=\"container\" data-settings=\"{&quot;background_background&quot;:&quot;classic&quot;}\">\n\t\t\t\t\t<div class=\"e-con-inner\">\n\t\t\t\t<div class=\"elementor-element elementor-element-e3999ba elementor-widget elementor-widget-heading\" data-id=\"e3999ba\" data-element_type=\"widget\" data-e-type=\"widget\" data-widget_type=\"heading.default\">\n\t\t\t\t<div class=\"elementor-widget-container\">\n\t\t\t\t\t<h1 class=\"elementor-heading-title elementor-size-default\">Rencontrez nos clients<\/h1>\t\t\t\t<\/div>\n\t\t\t\t<\/div>\n\t\t<div class=\"elementor-element elementor-element-aefc84a e-con-full e-flex e-con e-child\" data-id=\"aefc84a\" data-element_type=\"container\" data-e-type=\"container\">\n\t\t\t\t<div class=\"elementor-element elementor-element-aa4513c elementor-widget__width-initial elementor-widget elementor-widget-text-editor\" data-id=\"aa4513c\" data-element_type=\"widget\" data-e-type=\"widget\" data-widget_type=\"text-editor.default\">\n\t\t\t\t<div class=\"elementor-widget-container\">\n\t\t\t\t\t\t\t\t\t<p>Alstom<\/p><p>Axceta<\/p><p>Banque du Canada<\/p><p>Banque de D\u00e9veloppement du Canada (BDC)<\/p><p>Bell<\/p><p>BMC<\/p><p>Bureau du v\u00e9rificateur g\u00e9n\u00e9ral du Canada<\/p><p>CaseWare International Inc.<\/p><p>Capital One<\/p><p>Centris<\/p><p>Chambre des communes du Canada<\/p><p>Cossette<\/p><p>Desjardins<\/p><p>DireXYion<\/p><p>Esterline CMC<\/p><p>Expertus<\/p><p>Export Development Canada<\/p><p>Fenplast<\/p><p>Financi\u00e8res FairStone<\/p><p>Fondaction CSN<\/p><p>Fonds de solidarit\u00e9 FTQ<\/p><p>FX Innovation<\/p><p>GIGABASE<\/p><p>Giro<\/p><p>Groupe Canam<\/p><p>Groupe Dynamite<\/p><p>Groupe Jean Coutu<\/p><p>Groupe Pages Jaunes<\/p><p>Gsoft<\/p><p>Intact Assurance<\/p><p>Innovapost<\/p><p>Iweb<\/p><p>Ivanho\u00e9 Cambridge<\/p><p>Johnson Controls<\/p><p>La Presse<\/p><p>Lightspeed<\/p><p>Logient<\/p><p>Maya HTT<\/p><p>M\u00e9diaClip<\/p><p>Mediagrif<\/p><p>Metro<\/p><p>Minist\u00e8re de l\u2019Immigration et des Communaut\u00e9s Culturelles<\/p><p>Mirametrix<\/p><p>MRCI<\/p><p>NuEcho<\/p><p>N\u00fcmedia<\/p><p>Ordre des CPA du Qu\u00e9bec<\/p><p>Peoplefluent<\/p><p>Perkuto<\/p><p>Planbox<\/p><p>PSP Investissement<\/p><p>PNB Paribas<\/p><p>Postes Canada<\/p><p>Radio-Canada<\/p><p>Raymond Chabot Grant Thornton<\/p><p>Schneider Electric<\/p><p>Sigma RH<\/p><p>Silanis<\/p><p>SNC Lavalin<\/p><p>Sogema<\/p><p>SportLogiq<\/p><p>Standard Life<\/p><p>Strategia<\/p><p>TELUS<\/p><p>Transforce (TFI)<\/p><p>Tyco<\/p><p>Verint<\/p><p>W.ill.iam<\/p><p>WorldPay<\/p><p>Ubisoft<\/p><p>Union des producteurs agricoles (UPA)<\/p>\t\t\t\t\t\t\t\t<\/div>\n\t\t\t\t<\/div>\n\t\t\t\t<\/div>\n\t\t\t\t\t<\/div>\n\t\t\t\t<\/div>\n\t\t\t\t\t<\/div>\n\t\t\t\t<\/div>\n\t\t\t\t<\/div>","protected":false},"excerpt":{"rendered":"<p>How We Work Whatever your company, we will work together with you. In addition to our many years of experience in the software development industry, we have worked with teams in the field of human resources, communications, and marketing. Whether your teams simply need assistance to better organize themselves or are completely bogged down by [&hellip;]<\/p>\n","protected":false},"author":1,"featured_media":0,"parent":0,"menu_order":0,"comment_status":"closed","ping_status":"closed","template":"elementor_header_footer","meta":{"_acf_changed":false,"_monsterinsights_skip_tracking":false,"_monsterinsights_sitenote_active":false,"_monsterinsights_sitenote_note":"","_monsterinsights_sitenote_category":0,"footnotes":""},"class_list":["post-311","page","type-page","status-publish","hentry"],"acf":[],"aioseo_notices":[],"_links":{"self":[{"href":"https:\/\/agilepartnership.com\/fr\/wp-json\/wp\/v2\/pages\/311","targetHints":{"allow":["GET"]}}],"collection":[{"href":"https:\/\/agilepartnership.com\/fr\/wp-json\/wp\/v2\/pages"}],"about":[{"href":"https:\/\/agilepartnership.com\/fr\/wp-json\/wp\/v2\/types\/page"}],"author":[{"embeddable":true,"href":"https:\/\/agilepartnership.com\/fr\/wp-json\/wp\/v2\/users\/1"}],"replies":[{"embeddable":true,"href":"https:\/\/agilepartnership.com\/fr\/wp-json\/wp\/v2\/comments?post=311"}],"version-history":[{"count":46,"href":"https:\/\/agilepartnership.com\/fr\/wp-json\/wp\/v2\/pages\/311\/revisions"}],"predecessor-version":[{"id":5038,"href":"https:\/\/agilepartnership.com\/fr\/wp-json\/wp\/v2\/pages\/311\/revisions\/5038"}],"wp:attachment":[{"href":"https:\/\/agilepartnership.com\/fr\/wp-json\/wp\/v2\/media?parent=311"}],"curies":[{"name":"wp","href":"https:\/\/api.w.org\/{rel}","templated":true}]}}