{"id":318,"date":"2024-04-13T14:47:55","date_gmt":"2024-04-13T13:47:55","guid":{"rendered":"https:\/\/agilepartnership.com\/?page_id=318"},"modified":"2024-04-13T14:52:41","modified_gmt":"2024-04-13T13:52:41","slug":"qui-sommes-nous","status":"publish","type":"page","link":"https:\/\/agilepartnership.com\/fr\/qui-sommes-nous\/","title":{"rendered":"Qui sommes-nous?"},"content":{"rendered":"<div data-elementor-type=\"wp-page\" data-elementor-id=\"318\" class=\"elementor elementor-318\" data-elementor-post-type=\"page\">\n\t\t\t\t<div class=\"elementor-element elementor-element-a160199 e-flex e-con-boxed e-con e-parent\" data-id=\"a160199\" data-element_type=\"container\" data-e-type=\"container\">\n\t\t\t\t\t<div class=\"e-con-inner\">\n\t\t\t\t<div class=\"elementor-element elementor-element-30d45de elementor-widget elementor-widget-text-editor\" data-id=\"30d45de\" data-element_type=\"widget\" data-e-type=\"widget\" data-widget_type=\"text-editor.default\">\n\t\t\t\t<div class=\"elementor-widget-container\">\n\t\t\t\t\t\t\t\t\t<p>Antoine de Saint-Exup\u00e9ry r\u00e9sume bien la mission d\u2019<strong>Agile Partnership<\/strong>\u2026<\/p>\t\t\t\t\t\t\t\t<\/div>\n\t\t\t\t<\/div>\n\t\t<div class=\"elementor-element elementor-element-9c7c368 e-flex e-con-boxed e-con e-child\" data-id=\"9c7c368\" data-element_type=\"container\" data-e-type=\"container\">\n\t\t\t\t\t<div class=\"e-con-inner\">\n\t\t\t\t<div class=\"elementor-element elementor-element-5cfd773 elementor-widget__width-auto e-transform elementor-widget-divider--view-line elementor-widget elementor-widget-divider\" data-id=\"5cfd773\" data-element_type=\"widget\" data-e-type=\"widget\" data-settings=\"{&quot;_transform_rotateZ_effect&quot;:{&quot;unit&quot;:&quot;px&quot;,&quot;size&quot;:90,&quot;sizes&quot;:[]},&quot;_transform_rotateZ_effect_mobile&quot;:{&quot;unit&quot;:&quot;px&quot;,&quot;size&quot;:0,&quot;sizes&quot;:[]},&quot;_transform_rotateZ_effect_tablet&quot;:{&quot;unit&quot;:&quot;deg&quot;,&quot;size&quot;:&quot;&quot;,&quot;sizes&quot;:[]}}\" data-widget_type=\"divider.default\">\n\t\t\t\t<div class=\"elementor-widget-container\">\n\t\t\t\t\t\t\t<div class=\"elementor-divider\">\n\t\t\t<span class=\"elementor-divider-separator\">\n\t\t\t\t\t\t<\/span>\n\t\t<\/div>\n\t\t\t\t\t\t<\/div>\n\t\t\t\t<\/div>\n\t\t\t\t<div class=\"elementor-element elementor-element-b7d645f elementor-widget elementor-widget-text-editor\" data-id=\"b7d645f\" data-element_type=\"widget\" data-e-type=\"widget\" data-widget_type=\"text-editor.default\">\n\t\t\t\t<div class=\"elementor-widget-container\">\n\t\t\t\t\t\t\t\t\t<blockquote><p>Si tu veux construire un bateau, ne rassemble pas tes hommes et femmes pour leur donner des ordres, pour expliquer chaque d\u00e9tail, pour leur dire o\u00f9 trouver chaque chose. \u00a0Si tu veux construire un bateau, fais na\u00eetre dans le c\u0153ur de tes hommes et femmes le d\u00e9sir de la mer.<\/p><\/blockquote>\t\t\t\t\t\t\t\t<\/div>\n\t\t\t\t<\/div>\n\t\t\t\t\t<\/div>\n\t\t\t\t<\/div>\n\t\t\t\t\t<\/div>\n\t\t\t\t<\/div>\n\t\t<div class=\"elementor-element elementor-element-3029bac e-flex e-con-boxed e-con e-parent\" data-id=\"3029bac\" data-element_type=\"container\" data-e-type=\"container\">\n\t\t\t\t\t<div class=\"e-con-inner\">\n\t\t\t\t<div class=\"elementor-element elementor-element-a7ebbf2 elementor-widget elementor-widget-text-editor\" data-id=\"a7ebbf2\" data-element_type=\"widget\" data-e-type=\"widget\" data-widget_type=\"text-editor.default\">\n\t\t\t\t<div class=\"elementor-widget-container\">\n\t\t\t\t\t\t\t\t\t<p>En mettant l\u2019accent sur les valeurs, principes et pratiques Agiles, nous travaillons avec vous afin de mettre en place une r\u00e9organisation progressive qui favorisera un environnement de travail exceptionnel. En am\u00e9liorant la cr\u00e9ativit\u00e9, la productivit\u00e9 et l\u2019efficacit\u00e9, vous obtiendrez des \u00e9quipes plus coh\u00e9rentes qui mettent l\u2019accent sur des produits et des services am\u00e9lior\u00e9s ainsi qu\u2019un meilleur retour sur vos investissements.<br \/><strong class=\"text88\">Quelle que soit votre entreprise, nous travaillerons de concert avec vous.<\/strong><br \/>En plus de nos nombreuses ann\u00e9es d\u2019exp\u00e9rience dans l\u2019industrie du d\u00e9veloppement logiciel, nous avons travaill\u00e9 avec des \u00e9quipes dans le domaine des ressources humaines, des communications et du marketing. Que vos \u00e9quipes aient tout simplement besoin d\u2019une assistance afin de mieux s\u2019organiser ou soient compl\u00e8tement embourb\u00e9s par des processus et des proc\u00e9dures trop complexes, l\u2019approche simple et compl\u00e8te d\u2019Agile Partnership am\u00e8nera une am\u00e9lioration marqu\u00e9e de la motivation du personnel et de l\u2019engagement. Votre organisation m\u00e9rite de r\u00e9colter les fruits d\u2019un mod\u00e8le plus rentable pour la prestation de ses solutions et de ses services.<\/p>\t\t\t\t\t\t\t\t<\/div>\n\t\t\t\t<\/div>\n\t\t\t\t\t<\/div>\n\t\t\t\t<\/div>\n\t\t\t\t<\/div>","protected":false},"excerpt":{"rendered":"<p>Antoine de Saint-Exup\u00e9ry r\u00e9sume bien la mission d\u2019Agile Partnership\u2026 Si tu veux construire un bateau, ne rassemble pas tes hommes et femmes pour leur donner des ordres, pour expliquer chaque d\u00e9tail, pour leur dire o\u00f9 trouver chaque chose. \u00a0Si tu veux construire un bateau, fais na\u00eetre dans le c\u0153ur de tes hommes et femmes le [&hellip;]<\/p>\n","protected":false},"author":1,"featured_media":0,"parent":0,"menu_order":0,"comment_status":"closed","ping_status":"closed","template":"elementor_header_footer","meta":{"_acf_changed":false,"_monsterinsights_skip_tracking":false,"_monsterinsights_sitenote_active":false,"_monsterinsights_sitenote_note":"","_monsterinsights_sitenote_category":0,"footnotes":""},"class_list":["post-318","page","type-page","status-publish","hentry"],"acf":[],"aioseo_notices":[],"_links":{"self":[{"href":"https:\/\/agilepartnership.com\/fr\/wp-json\/wp\/v2\/pages\/318","targetHints":{"allow":["GET"]}}],"collection":[{"href":"https:\/\/agilepartnership.com\/fr\/wp-json\/wp\/v2\/pages"}],"about":[{"href":"https:\/\/agilepartnership.com\/fr\/wp-json\/wp\/v2\/types\/page"}],"author":[{"embeddable":true,"href":"https:\/\/agilepartnership.com\/fr\/wp-json\/wp\/v2\/users\/1"}],"replies":[{"embeddable":true,"href":"https:\/\/agilepartnership.com\/fr\/wp-json\/wp\/v2\/comments?post=318"}],"version-history":[{"count":4,"href":"https:\/\/agilepartnership.com\/fr\/wp-json\/wp\/v2\/pages\/318\/revisions"}],"predecessor-version":[{"id":322,"href":"https:\/\/agilepartnership.com\/fr\/wp-json\/wp\/v2\/pages\/318\/revisions\/322"}],"wp:attachment":[{"href":"https:\/\/agilepartnership.com\/fr\/wp-json\/wp\/v2\/media?parent=318"}],"curies":[{"name":"wp","href":"https:\/\/api.w.org\/{rel}","templated":true}]}}