{"id":401,"date":"2024-04-14T21:51:49","date_gmt":"2024-04-14T20:51:49","guid":{"rendered":"https:\/\/agilepartnership.com\/?page_id=401"},"modified":"2024-04-25T20:23:49","modified_gmt":"2024-04-25T19:23:49","slug":"pascal-drouin","status":"publish","type":"page","link":"https:\/\/agilepartnership.com\/fr\/team\/pascal-drouin\/","title":{"rendered":"Pascal Drouin"},"content":{"rendered":"<div data-elementor-type=\"wp-page\" data-elementor-id=\"401\" class=\"elementor elementor-401\" data-elementor-post-type=\"page\">\n\t\t\t\t<div class=\"elementor-element elementor-element-7eb87349 e-flex e-con-boxed e-con e-parent\" data-id=\"7eb87349\" data-element_type=\"container\" data-e-type=\"container\">\n\t\t\t\t\t<div class=\"e-con-inner\">\n\t\t\t\t<div class=\"elementor-element elementor-element-45a8ee6b elementor-widget elementor-widget-text-editor\" data-id=\"45a8ee6b\" data-element_type=\"widget\" data-e-type=\"widget\" data-widget_type=\"text-editor.default\">\n\t\t\t\t<div class=\"elementor-widget-container\">\n\t\t\t\t\t\t\t\t\t<p><\/p>\n<h2 class=\"wp-block-heading\">Coach en agilit\u00e9 et excellence technique, formateur<\/h2>\n<p><\/p>\n<p>Je cumule plus de quinze ans d\u2019exp\u00e9rience comme d\u00e9veloppeur fullstack. Je demeure encore et toujours passionn\u00e9 par cette discipline qui me permet d\u2019exprimer ma cr\u00e9ativit\u00e9. Les solutions les plus simples sont toujours les meilleures: on fait fonctionner le code d\u2019abord, et ensuite on lui refait une beaut\u00e9!<\/p>\n<p><\/p>\n<p>Depuis 2017, je fais du coaching et du mentoring au niveau de l\u2019agilit\u00e9, du devops, de l\u2019expertise technique ainsi que de la qualit\u00e9. J\u2019ai \u00e9galement commenc\u00e9 \u00e0 donner de la formation et j\u2019ai fait ma premi\u00e8re pr\u00e9sentation dans un \u00e9v\u00e9nement de grande envergure, l\u2019Agile tour Montr\u00e9al 2019.<\/p>\n<p><\/p>\n<p>Expertise en coaching: facilitation de rencontres, workshops, coaching et mentoring (individuel et \u00e9quipe), TDD, BDD, Example Mapping, Impact Mapping, Scrum.<\/p>\n<p><\/p>\n<p>Expertise technique: d\u00e9veloppeur web \u00abfullstack\u00bb Java et Javascript, mentoring sur les tests automatis\u00e9s, TDD, ATDD, Clean Code, Clean Architecture, meilleures pratiques de d\u00e9veloppement et patrons de conception.<\/p>\n<p>J\u2019ai eu la chance de travailler avec des \u00e9quipes tant au niveau local (Montr\u00e9al) qu\u2019au niveau international (New-York, London, Dusseld\u00f6rf, Paris, Sydney).<\/p>\n<p><\/p>\t\t\t\t\t\t\t\t<\/div>\n\t\t\t\t<\/div>\n\t\t<div class=\"elementor-element elementor-element-db9a09a e-con-full e-flex e-con e-child\" data-id=\"db9a09a\" data-element_type=\"container\" data-e-type=\"container\">\n\t\t\t\t<div class=\"elementor-element elementor-element-90c526a elementor-widget elementor-widget-heading\" data-id=\"90c526a\" data-element_type=\"widget\" data-e-type=\"widget\" data-widget_type=\"heading.default\">\n\t\t\t\t<div class=\"elementor-widget-container\">\n\t\t\t\t\t<h3 class=\"elementor-heading-title elementor-size-default\">Quelques t\u00e9moignages:<\/h3>\t\t\t\t<\/div>\n\t\t\t\t<\/div>\n\t\t\t\t<div class=\"elementor-element elementor-element-1ca2ae2 elementor-testimonial--layout-image_left elementor-testimonial--align-left elementor-testimonial--skin-default elementor-pagination-type-bullets elementor-widget elementor-widget-testimonial-carousel\" data-id=\"1ca2ae2\" data-element_type=\"widget\" data-e-type=\"widget\" data-settings=\"{&quot;slides_per_view&quot;:&quot;1&quot;,&quot;autoplay_speed&quot;:4000,&quot;space_between&quot;:{&quot;unit&quot;:&quot;px&quot;,&quot;size&quot;:0,&quot;sizes&quot;:[]},&quot;pagination&quot;:&quot;bullets&quot;,&quot;speed&quot;:500,&quot;autoplay&quot;:&quot;yes&quot;,&quot;loop&quot;:&quot;yes&quot;,&quot;pause_on_hover&quot;:&quot;yes&quot;,&quot;pause_on_interaction&quot;:&quot;yes&quot;,&quot;space_between_tablet&quot;:{&quot;unit&quot;:&quot;px&quot;,&quot;size&quot;:10,&quot;sizes&quot;:[]},&quot;space_between_mobile&quot;:{&quot;unit&quot;:&quot;px&quot;,&quot;size&quot;:10,&quot;sizes&quot;:[]}}\" data-widget_type=\"testimonial-carousel.default\">\n\t\t\t\t<div class=\"elementor-widget-container\">\n\t\t\t\t\t\t\t<div class=\"elementor-swiper\">\n\t\t\t<div class=\"elementor-main-swiper swiper-container\">\n\t\t\t\t<div class=\"swiper-wrapper\">\n\t\t\t\t\t\t\t\t\t\t\t<div class=\"swiper-slide\">\n\t\t\t\t\t\t\t\t\t<div class=\"elementor-testimonial\">\n\t\t\t\t\t\t\t<div class=\"elementor-testimonial__content\">\n\t\t\t\t\t<div class=\"elementor-testimonial__text\">\n\t\t\t\t\t\t\"J\u2019ai travaill\u00e9 avec Pascal pendant deux ans et je le recommande vivement en tant que coach technique et agile. Il a un large \u00e9ventail de comp\u00e9tences, y compris TDD, BDD, les principes SOLID et les pratiques agiles. Pascal excelle dans l\u2019explication de concepts techniques complexes et l\u2019application des valeurs agiles. Ses comp\u00e9tences en coaching, combin\u00e9es \u00e0 sa compr\u00e9hension des principes d\u2019agilit\u00e9, en ont fait un membre cl\u00e9 de l\u2019\u00e9quipe.\n<br><br>\nLa capacit\u00e9 de Pascal \u00e0 adapter son style de communication \u00e0 diff\u00e9rents publics est impressionnante, qu\u2019il s\u2019agisse de mettre en \u0153uvre le TDD avec une \u00e9quipe technique ou de guider des exercices de cartographie d\u2019histoires. Son fort \u00e9thique de travail, son d\u00e9vouement et son engagement \u00e0 fournir des conseils honn\u00eates soulignent son professionnalisme.\n<br><br>\nTravailler avec Pascal a \u00e9t\u00e9 un plaisir, et je suis convaincu qu\u2019il continuera \u00e0 apporter des contributions significatives dans sa carri\u00e8re.\u201d\t\t\t\t\t<\/div>\n\t\t\t\t\t<cite class=\"elementor-testimonial__cite\"><span class=\"elementor-testimonial__name\">Khaldoun Aissaoui<\/span><span class=\"elementor-testimonial__title\">Coach Technique<\/span><\/cite>\t\t\t\t<\/div>\n\t\t\t\t\t\t<div class=\"elementor-testimonial__footer\">\n\t\t\t\t\t\t\t\t\t\t\t<\/div>\n\t\t<\/div>\n\t\t\t\t\t\t\t\t<\/div>\n\t\t\t\t\t\t\t\t\t\t\t<div class=\"swiper-slide\">\n\t\t\t\t\t\t\t\t\t<div class=\"elementor-testimonial\">\n\t\t\t\t\t\t\t<div class=\"elementor-testimonial__content\">\n\t\t\t\t\t<div class=\"elementor-testimonial__text\">\n\t\t\t\t\t\t\"J'ai eu le plaisir de travailler deux fois avec Pascal. C'est une personne motiv\u00e9e et m\u00e9ticuleuse en qui vous pouvez avoir confiance. Pascal peut rapidement s'adapter et d\u00e9velopper de nouvelles comp\u00e9tences lorsqu'il est confront\u00e9 \u00e0 de nouveaux projets et \u00e0 de nouvelles technologies. C'est un joueur d'\u00e9quipe qui fait la diff\u00e9rence. Je le recommanderais sans h\u00e9siter.\"\t\t\t\t\t<\/div>\n\t\t\t\t\t<cite class=\"elementor-testimonial__cite\"><span class=\"elementor-testimonial__name\">Vincent Gigu\u00e8re<\/span><span class=\"elementor-testimonial__title\">D\u00e9veloppeur logiciel principal<\/span><\/cite>\t\t\t\t<\/div>\n\t\t\t\t\t\t<div class=\"elementor-testimonial__footer\">\n\t\t\t\t\t\t\t\t\t\t\t<\/div>\n\t\t<\/div>\n\t\t\t\t\t\t\t\t<\/div>\n\t\t\t\t\t\t\t\t\t\t\t<div class=\"swiper-slide\">\n\t\t\t\t\t\t\t\t\t<div class=\"elementor-testimonial\">\n\t\t\t\t\t\t\t<div class=\"elementor-testimonial__content\">\n\t\t\t\t\t<div class=\"elementor-testimonial__text\">\n\t\t\t\t\t\t\"Pascal est certainement un atout pour toute entreprise de d\u00e9veloppement de logiciels. Il a une grande connaissance des cadres et technologies Java. Plus qu'un simple d\u00e9veloppeur technique, il est un v\u00e9ritable travailleur d'\u00e9quipe et a d'excellentes comp\u00e9tences en communication. Je recommande fortement Pascal.\"\t\t\t\t\t<\/div>\n\t\t\t\t\t<cite class=\"elementor-testimonial__cite\"><span class=\"elementor-testimonial__name\">Olivier Lalonde<\/span><span class=\"elementor-testimonial__title\">Chef de Produit<\/span><\/cite>\t\t\t\t<\/div>\n\t\t\t\t\t\t<div class=\"elementor-testimonial__footer\">\n\t\t\t\t\t\t\t\t\t\t\t<\/div>\n\t\t<\/div>\n\t\t\t\t\t\t\t\t<\/div>\n\t\t\t\t\t\t\t\t\t<\/div>\n\t\t\t\t\t\t\t\t\t\t\t\t\t\t\t<div class=\"swiper-pagination\"><\/div>\n\t\t\t\t\t\t\t\t\t\t\t\t\t\t\t\t\t<\/div>\n\t\t<\/div>\n\t\t\t\t\t\t<\/div>\n\t\t\t\t<\/div>\n\t\t\t\t<\/div>\n\t\t\t\t\t<\/div>\n\t\t\t\t<\/div>\n\t\t\t\t<\/div>","protected":false},"excerpt":{"rendered":"<p>Agile &amp; Technical Excellency Coach, Trainer I have over fifteen years of experience as a full-stack developer. I remain passionate about this discipline that allows me to express my creativity. The simplest solutions are always the best: we make the code work first, and then we beautify it! Since 2017, I have been coaching and [&hellip;]<\/p>\n","protected":false},"author":1,"featured_media":402,"parent":185,"menu_order":0,"comment_status":"closed","ping_status":"closed","template":"","meta":{"_acf_changed":false,"_monsterinsights_skip_tracking":false,"_monsterinsights_sitenote_active":false,"_monsterinsights_sitenote_note":"","_monsterinsights_sitenote_category":0,"footnotes":""},"class_list":["post-401","page","type-page","status-publish","has-post-thumbnail","hentry"],"acf":[],"aioseo_notices":[],"_links":{"self":[{"href":"https:\/\/agilepartnership.com\/fr\/wp-json\/wp\/v2\/pages\/401","targetHints":{"allow":["GET"]}}],"collection":[{"href":"https:\/\/agilepartnership.com\/fr\/wp-json\/wp\/v2\/pages"}],"about":[{"href":"https:\/\/agilepartnership.com\/fr\/wp-json\/wp\/v2\/types\/page"}],"author":[{"embeddable":true,"href":"https:\/\/agilepartnership.com\/fr\/wp-json\/wp\/v2\/users\/1"}],"replies":[{"embeddable":true,"href":"https:\/\/agilepartnership.com\/fr\/wp-json\/wp\/v2\/comments?post=401"}],"version-history":[{"count":32,"href":"https:\/\/agilepartnership.com\/fr\/wp-json\/wp\/v2\/pages\/401\/revisions"}],"predecessor-version":[{"id":863,"href":"https:\/\/agilepartnership.com\/fr\/wp-json\/wp\/v2\/pages\/401\/revisions\/863"}],"up":[{"embeddable":true,"href":"https:\/\/agilepartnership.com\/fr\/wp-json\/wp\/v2\/pages\/185"}],"wp:featuredmedia":[{"embeddable":true,"href":"https:\/\/agilepartnership.com\/fr\/wp-json\/wp\/v2\/media\/402"}],"wp:attachment":[{"href":"https:\/\/agilepartnership.com\/fr\/wp-json\/wp\/v2\/media?parent=401"}],"curies":[{"name":"wp","href":"https:\/\/api.w.org\/{rel}","templated":true}]}}