{"id":413,"date":"2024-04-14T21:57:23","date_gmt":"2024-04-14T20:57:23","guid":{"rendered":"https:\/\/agilepartnership.com\/?page_id=413"},"modified":"2024-04-25T19:11:09","modified_gmt":"2024-04-25T18:11:09","slug":"mathieu-lemaire-lafond","status":"publish","type":"page","link":"https:\/\/agilepartnership.com\/fr\/team\/mathieu-lemaire-lafond\/","title":{"rendered":"Mathieu Lemaire-Lafond"},"content":{"rendered":"<div data-elementor-type=\"wp-page\" data-elementor-id=\"413\" class=\"elementor elementor-413\" data-elementor-post-type=\"page\">\n\t\t\t\t<div class=\"elementor-element elementor-element-2619b19d e-flex e-con-boxed e-con e-parent\" data-id=\"2619b19d\" data-element_type=\"container\" data-e-type=\"container\">\n\t\t\t\t\t<div class=\"e-con-inner\">\n\t\t\t\t<div class=\"elementor-element elementor-element-5987fdeb elementor-widget elementor-widget-text-editor\" data-id=\"5987fdeb\" data-element_type=\"widget\" data-e-type=\"widget\" data-widget_type=\"text-editor.default\">\n\t\t\t\t<div class=\"elementor-widget-container\">\n\t\t\t\t\t\t\t\t\t<p><\/p>\n<div class=\"content\" tabindex=\"0\" aria-description=\"\" aria-label=\"Sent by Copilot: Mathieu has been working in the field of technology for over 10 years. With his training in software engineering and his passion for agility, he has successfully completed numerous large-scale projects. Mathieu has been able to put his skills to good use in SMEs, large companies in the banking sector, and in the media. Thanks to agility, Mathieu has even managed to get more than 100 people to collaborate on the same project, simultaneously. From the first minute he came into contact with agility, he wanted to see the field grow and ensure that all stakeholders could see their projects come to fruition in a satisfactory, harmonious, and optimal way.\" style=\"color: rgb(0, 0, 0); font-size: medium;\"><div class=\"ac-container ac-adaptiveCard\" streaming=\"\"><div class=\"ac-textBlock\"><p>Mathieu oeuvre dans le domaine des technologies depuis plus de 10 ans. Fort de sa formation en g\u00e9nie logiciel et de sa passion pour l\u2019agilit\u00e9, il a su mener \u00e0 bien de nombreux projets d\u2019envergure. Mathieu a su mettre ses comp\u00e9tences \u00e0 profit tant dans les PME, dans les grandes entreprises du domaine bancaire que dans les m\u00e9dias. Gr\u00e2ce \u00e0 l\u2019agilit\u00e9, Mathieu a m\u00eame r\u00e9ussi \u00e0 faire collaborer plus de 100 personnes sur le m\u00eame projet, simultan\u00e9ment. Depuis la premi\u00e8re minute o\u00f9 il a \u00e9t\u00e9 en contact avec l\u2019agilit\u00e9, il a d\u00e9sir\u00e9 voir grandir le domaine et faire en sorte que toutes les parties prenantes puissent voir leurs projets se r\u00e9aliser de fa\u00e7on satisfaisante, harmonieuse et optimale.<\/p><\/div><\/div><cib-overlay><\/cib-overlay><\/div>\n<p><\/p>\t\t\t\t\t\t\t\t<\/div>\n\t\t\t\t<\/div>\n\t\t\t\t\t<\/div>\n\t\t\t\t<\/div>\n\t\t\t\t<\/div>","protected":false},"excerpt":{"rendered":"<p>Mathieu has been working in the field of technology for over 10 years. With his training in software engineering and his passion for agility, he has successfully completed numerous large-scale projects. Mathieu has been able to put his skills to good use in SMEs, large companies in the banking sector, and in the media. Thanks [&hellip;]<\/p>\n","protected":false},"author":1,"featured_media":414,"parent":185,"menu_order":0,"comment_status":"closed","ping_status":"closed","template":"","meta":{"_acf_changed":false,"_monsterinsights_skip_tracking":false,"_monsterinsights_sitenote_active":false,"_monsterinsights_sitenote_note":"","_monsterinsights_sitenote_category":0,"footnotes":""},"class_list":["post-413","page","type-page","status-publish","has-post-thumbnail","hentry"],"acf":[],"aioseo_notices":[],"_links":{"self":[{"href":"https:\/\/agilepartnership.com\/fr\/wp-json\/wp\/v2\/pages\/413","targetHints":{"allow":["GET"]}}],"collection":[{"href":"https:\/\/agilepartnership.com\/fr\/wp-json\/wp\/v2\/pages"}],"about":[{"href":"https:\/\/agilepartnership.com\/fr\/wp-json\/wp\/v2\/types\/page"}],"author":[{"embeddable":true,"href":"https:\/\/agilepartnership.com\/fr\/wp-json\/wp\/v2\/users\/1"}],"replies":[{"embeddable":true,"href":"https:\/\/agilepartnership.com\/fr\/wp-json\/wp\/v2\/comments?post=413"}],"version-history":[{"count":5,"href":"https:\/\/agilepartnership.com\/fr\/wp-json\/wp\/v2\/pages\/413\/revisions"}],"predecessor-version":[{"id":789,"href":"https:\/\/agilepartnership.com\/fr\/wp-json\/wp\/v2\/pages\/413\/revisions\/789"}],"up":[{"embeddable":true,"href":"https:\/\/agilepartnership.com\/fr\/wp-json\/wp\/v2\/pages\/185"}],"wp:featuredmedia":[{"embeddable":true,"href":"https:\/\/agilepartnership.com\/fr\/wp-json\/wp\/v2\/media\/414"}],"wp:attachment":[{"href":"https:\/\/agilepartnership.com\/fr\/wp-json\/wp\/v2\/media?parent=413"}],"curies":[{"name":"wp","href":"https:\/\/api.w.org\/{rel}","templated":true}]}}