{"id":441,"date":"2024-04-14T22:39:06","date_gmt":"2024-04-14T21:39:06","guid":{"rendered":"https:\/\/agilepartnership.com\/?page_id=441"},"modified":"2024-04-25T20:19:48","modified_gmt":"2024-04-25T19:19:48","slug":"ellen-grove","status":"publish","type":"page","link":"https:\/\/agilepartnership.com\/fr\/team\/ellen-grove\/","title":{"rendered":"Ellen Grove"},"content":{"rendered":"<div data-elementor-type=\"wp-page\" data-elementor-id=\"441\" class=\"elementor elementor-441\" data-elementor-post-type=\"page\">\n\t\t\t\t<div class=\"elementor-element elementor-element-47e5df93 e-con-full e-flex e-con e-parent\" data-id=\"47e5df93\" data-element_type=\"container\" data-e-type=\"container\">\n\t\t\t\t<div class=\"elementor-element elementor-element-3e8664e1 elementor-widget elementor-widget-text-editor\" data-id=\"3e8664e1\" data-element_type=\"widget\" data-e-type=\"widget\" data-widget_type=\"text-editor.default\">\n\t\t\t\t<div class=\"elementor-widget-container\">\n\t\t\t\t\t\t\t\t\t<p><\/p>\n<h2><span style=\"text-align: center;\">Coach Agile, conf\u00e9renci\u00e8re &amp; globetrotter<\/span><\/h2>\n<p>Ellen Grove est une coach Agile et formatrice qui aide les \u00e9quipes \u00e0 mieux travailler en les coachant pour cr\u00e9er les circonstances dans lesquelles elles peuvent travailler de mani\u00e8re la plus productive et efficace. Sa pratique de coaching Agile est fond\u00e9e sur plus de 15 ans d\u2019exp\u00e9rience en tant que leader d\u2019\u00e9quipes de test de logiciels, de d\u00e9veloppement et de mise en \u0153uvre ; une passion pour les tests de logiciels exploratoires et le design centr\u00e9 sur l\u2019utilisateur ; et une exp\u00e9rience en organisation communautaire.<\/p>\n<p><\/p>\n<p><\/p>\n<p>En tant que coach Agile, Ellen a travaill\u00e9 avec des organisations de toutes tailles - des startups de logiciels aux agences du secteur public et aux entreprises mondiales de r\u00e9seaux de donn\u00e9es - pour les aider \u00e0 passer au travail Agile au niveau de l\u2019\u00e9quipe et du leadership en utilisant Scrum, Lean, Kanban, SAFe et d\u2019autres cadres Agile.<\/p>\n<p><\/p>\n<p><\/p>\n<p>En plus de d\u00e9tenir un baccalaur\u00e9at sp\u00e9cialis\u00e9 en arts et sciences de l\u2019Universit\u00e9 McMaster, Ellen est une professionnelle certifi\u00e9e Scrum, certifi\u00e9e en gestion du changement Prosci, une facilitatrice d\u2019espace ouvert, une facilitatrice certifi\u00e9e StrategicPlay\u00ae dans les m\u00e9thodes LEGO\u00ae SERIOUS PLAY\u00ae, et une formatrice certifi\u00e9e Training from the Back of the Room.<\/p>\n<p><\/p>\n<p><\/p>\n<p>Ellen pr\u00e9sente fr\u00e9quemment des conf\u00e9rences Agile au Canada et \u00e0 l\u2019\u00e9tranger, et est l\u2019organisatrice principale de plusieurs conf\u00e9rences Agile nationales et internationales (plus r\u00e9cemment, Agile Coach Camp Canada, Play4Agile North America, et Agile India)<\/p>\n<p><\/p>\n<p><\/p>\n<p><\/p>\t\t\t\t\t\t\t\t<\/div>\n\t\t\t\t<\/div>\n\t\t\t\t<\/div>\n\t\t<div class=\"elementor-element elementor-element-d0b63f9 e-con-full e-flex e-con e-child\" data-id=\"d0b63f9\" data-element_type=\"container\" data-e-type=\"container\">\n\t\t\t\t<div class=\"elementor-element elementor-element-679240b elementor-widget elementor-widget-heading\" data-id=\"679240b\" data-element_type=\"widget\" data-e-type=\"widget\" data-widget_type=\"heading.default\">\n\t\t\t\t<div class=\"elementor-widget-container\">\n\t\t\t\t\t<h2 class=\"elementor-heading-title elementor-size-default\">Quelques t\u00e9moignages:<\/h2>\t\t\t\t<\/div>\n\t\t\t\t<\/div>\n\t\t\t\t<div class=\"elementor-element elementor-element-f07e5b1 elementor-testimonial--layout-image_left elementor-testimonial--align-left elementor-testimonial--skin-default elementor-pagination-type-bullets elementor-widget elementor-widget-testimonial-carousel\" data-id=\"f07e5b1\" data-element_type=\"widget\" data-e-type=\"widget\" data-settings=\"{&quot;slides_per_view&quot;:&quot;1&quot;,&quot;autoplay_speed&quot;:4000,&quot;space_between&quot;:{&quot;unit&quot;:&quot;px&quot;,&quot;size&quot;:0,&quot;sizes&quot;:[]},&quot;pagination&quot;:&quot;bullets&quot;,&quot;speed&quot;:500,&quot;autoplay&quot;:&quot;yes&quot;,&quot;loop&quot;:&quot;yes&quot;,&quot;pause_on_hover&quot;:&quot;yes&quot;,&quot;pause_on_interaction&quot;:&quot;yes&quot;,&quot;space_between_tablet&quot;:{&quot;unit&quot;:&quot;px&quot;,&quot;size&quot;:10,&quot;sizes&quot;:[]},&quot;space_between_mobile&quot;:{&quot;unit&quot;:&quot;px&quot;,&quot;size&quot;:10,&quot;sizes&quot;:[]}}\" data-widget_type=\"testimonial-carousel.default\">\n\t\t\t\t<div class=\"elementor-widget-container\">\n\t\t\t\t\t\t\t<div class=\"elementor-swiper\">\n\t\t\t<div class=\"elementor-main-swiper swiper-container\">\n\t\t\t\t<div class=\"swiper-wrapper\">\n\t\t\t\t\t\t\t\t\t\t\t<div class=\"swiper-slide\">\n\t\t\t\t\t\t\t\t\t<div class=\"elementor-testimonial\">\n\t\t\t\t\t\t\t<div class=\"elementor-testimonial__content\">\n\t\t\t\t\t<div class=\"elementor-testimonial__text\">\n\t\t\t\t\t\tEllen a rejoint notre \u00e9quipe de d\u00e9veloppement en tant que coach Agile lors d\u2019une transition entre les chefs de projet. Elle s\u2019est int\u00e9gr\u00e9e sans probl\u00e8me dans l\u2019\u00e9quipe du projet, a am\u00e9lior\u00e9 la v\u00e9locit\u00e9 globale du projet et a jou\u00e9 un r\u00f4le essentiel dans l\u2019ouverture des canaux de communication autour du projet pour fournir des attentes claires \u00e0 tous les intervenants.\n<br><br>\nEllen \u00e9tait totalement engag\u00e9e dans la r\u00e9ussite du projet et \u00e9tait heureuse d\u2019aller au-del\u00e0 de l\u2019appel du devoir pour assurer son succ\u00e8s. Elle est extr\u00eamement facile \u00e0 travailler avec et sa vaste exp\u00e9rience avec Agile \u00e9tait apparente et inestimable.\n<br><br>\nL\u2019\u00e9quipe se trouve encore \u00e0 philosopher sur les concepts Agile qu\u2019elle nous a pr\u00e9sent\u00e9s.\n<br><br>\nJe recommande sans r\u00e9serve Ellen en tant que Scrum Master ou coach Agile dans n\u2019importe quelle \u00e9quipe de d\u00e9veloppement.\"\t\t\t\t\t<\/div>\n\t\t\t\t\t<cite class=\"elementor-testimonial__cite\"><span class=\"elementor-testimonial__name\">Patrick Dumoulin<\/span><span class=\"elementor-testimonial__title\">Sp\u00e9cialiste du Web et architecte d\u2019utilisabilit\u00e9 au Bureau du v\u00e9rificateur g\u00e9n\u00e9ral du Canada<\/span><\/cite>\t\t\t\t<\/div>\n\t\t\t\t\t\t<div class=\"elementor-testimonial__footer\">\n\t\t\t\t\t\t\t\t\t\t\t<\/div>\n\t\t<\/div>\n\t\t\t\t\t\t\t\t<\/div>\n\t\t\t\t\t\t\t\t\t\t\t<div class=\"swiper-slide\">\n\t\t\t\t\t\t\t\t\t<div class=\"elementor-testimonial\">\n\t\t\t\t\t\t\t<div class=\"elementor-testimonial__content\">\n\t\t\t\t\t<div class=\"elementor-testimonial__text\">\n\t\t\t\t\t\t\"Ellen \u00e9tait une excellente personne \u00e0 avoir dans notre \u00e9quipe. Jamais satisfaite de comprendre \u201cce qui a mal tourn\u00e9\u201d, elle \u00e9tait toujours celle qui demandait \u201cque faisons-nous pour nous assurer que cela ne se reproduise pas\u201d. Elle est une excellente leader et enseignante et a \u00e9t\u00e9 essentielle pour faire \u00e9voluer notre \u00e9quipe vers un processus de d\u00e9veloppement plus agile. Elle a aussi beaucoup de curiosit\u00e9 et \u00e9tait toujours int\u00e9ress\u00e9e \u00e0 apprendre de tous les autres membres de l\u2019\u00e9quipe. Ce fut un plaisir de travailler avec elle et je serais heureux de le faire \u00e0 nouveau.\"\t\t\t\t\t<\/div>\n\t\t\t\t\t<cite class=\"elementor-testimonial__cite\"><span class=\"elementor-testimonial__name\">Mark Tucker<\/span><span class=\"elementor-testimonial__title\">D\u00e9veloppeur s\u00e9nior chez Side Effects Software<\/span><\/cite>\t\t\t\t<\/div>\n\t\t\t\t\t\t<div class=\"elementor-testimonial__footer\">\n\t\t\t\t\t\t\t\t\t\t\t<\/div>\n\t\t<\/div>\n\t\t\t\t\t\t\t\t<\/div>\n\t\t\t\t\t\t\t\t\t\t\t<div class=\"swiper-slide\">\n\t\t\t\t\t\t\t\t\t<div class=\"elementor-testimonial\">\n\t\t\t\t\t\t\t<div class=\"elementor-testimonial__content\">\n\t\t\t\t\t<div class=\"elementor-testimonial__text\">\n\t\t\t\t\t\t\"J\u2019ai travaill\u00e9 avec Ellen sur plusieurs projets et je l\u2019ai trouv\u00e9e \u00eatre une excellente coach et mentor, embrassant la m\u00e9thodologie Agile. Elle a dirig\u00e9 un certain nombre de s\u00e9minaires\/\u00e9v\u00e9nements de formation Agile et \u00e9tait tr\u00e8s appr\u00e9ci\u00e9e de ses coll\u00e8gues et pairs. Sa connaissance\/expertise pour la gestion de projets Agile a d\u00e9pass\u00e9 toutes les attentes.\"\t\t\t\t\t<\/div>\n\t\t\t\t\t<cite class=\"elementor-testimonial__cite\"><span class=\"elementor-testimonial__name\">Robert McRae<\/span><span class=\"elementor-testimonial__title\">Charg\u00e9 de projet<\/span><\/cite>\t\t\t\t<\/div>\n\t\t\t\t\t\t<div class=\"elementor-testimonial__footer\">\n\t\t\t\t\t\t\t\t\t\t\t<\/div>\n\t\t<\/div>\n\t\t\t\t\t\t\t\t<\/div>\n\t\t\t\t\t\t\t\t\t\t\t<div class=\"swiper-slide\">\n\t\t\t\t\t\t\t\t\t<div class=\"elementor-testimonial\">\n\t\t\t\t\t\t\t<div class=\"elementor-testimonial__content\">\n\t\t\t\t\t<div class=\"elementor-testimonial__text\">\n\t\t\t\t\t\t\"Ellen a de nombreuses grandes qualit\u00e9s qui font d\u2019elle un atout pour toute organisation de d\u00e9veloppement de logiciels.\n<br><br>\nSa capacit\u00e9 de travail est \u00e9norme - Ellen est capable de rester au top de nombreux d\u00e9tails, et est minutieuse dans l\u2019accomplissement des t\u00e2ches. Cela \u00e9tait \u00e9vident dans son travail en tant que facilitatrice de processus\/Scrum master pendant le projet de gestion unifi\u00e9e de l\u2019entreprise.\n<br><br>\nEllen \u00e9coute bien et \u00e9value les diff\u00e9rents points de vue. En tant que d\u00e9fenseur du processus agile, Ellen est adaptable et s\u2019efforce d\u2019am\u00e9liorer quand cela a du sens.\n<br><br>\nL\u2019histoire d\u2019Ellen en tant que leader de la qualit\u00e9 des logiciels entre facilement en jeu lors du d\u00e9veloppement de logiciels. Ellen identifie des opportunit\u00e9s sens\u00e9es pour faire une diff\u00e9rence sur la qualit\u00e9 d\u2019un produit, et les d\u00e9fend jusqu\u2019\u00e0 ce que les bords rugueux deviennent lisses.\n<br><br>\nEllen fera une diff\u00e9rence positive sur n\u2019importe quel projet sur lequel elle travaille\t\t\t\t\t<\/div>\n\t\t\t\t\t<cite class=\"elementor-testimonial__cite\"><span class=\"elementor-testimonial__name\">Anton McConville<\/span><span class=\"elementor-testimonial__title\">D\u00e9veloppeur et designer web et mobile<\/span><\/cite>\t\t\t\t<\/div>\n\t\t\t\t\t\t<div class=\"elementor-testimonial__footer\">\n\t\t\t\t\t\t\t\t\t\t\t<\/div>\n\t\t<\/div>\n\t\t\t\t\t\t\t\t<\/div>\n\t\t\t\t\t\t\t\t\t<\/div>\n\t\t\t\t\t\t\t\t\t\t\t\t\t\t\t<div class=\"swiper-pagination\"><\/div>\n\t\t\t\t\t\t\t\t\t\t\t\t\t\t\t\t\t<\/div>\n\t\t<\/div>\n\t\t\t\t\t\t<\/div>\n\t\t\t\t<\/div>\n\t\t\t\t<\/div>\n\t\t\t\t<\/div>","protected":false},"excerpt":{"rendered":"<p>Agile Coach, Speaker &amp; Globetrotter Ellen Grove is an Agile coach and trainer who helps teams to do better work by coaching them to create the circumstances in which they can work most productively and effectively. Her Agile coaching practice is founded in over 15 years\u2019 experience leading software testing, development, and implementation teams; a [&hellip;]<\/p>\n","protected":false},"author":1,"featured_media":442,"parent":185,"menu_order":0,"comment_status":"closed","ping_status":"closed","template":"","meta":{"_acf_changed":false,"_monsterinsights_skip_tracking":false,"_monsterinsights_sitenote_active":false,"_monsterinsights_sitenote_note":"","_monsterinsights_sitenote_category":0,"footnotes":""},"class_list":["post-441","page","type-page","status-publish","has-post-thumbnail","hentry"],"acf":[],"aioseo_notices":[],"_links":{"self":[{"href":"https:\/\/agilepartnership.com\/fr\/wp-json\/wp\/v2\/pages\/441","targetHints":{"allow":["GET"]}}],"collection":[{"href":"https:\/\/agilepartnership.com\/fr\/wp-json\/wp\/v2\/pages"}],"about":[{"href":"https:\/\/agilepartnership.com\/fr\/wp-json\/wp\/v2\/types\/page"}],"author":[{"embeddable":true,"href":"https:\/\/agilepartnership.com\/fr\/wp-json\/wp\/v2\/users\/1"}],"replies":[{"embeddable":true,"href":"https:\/\/agilepartnership.com\/fr\/wp-json\/wp\/v2\/comments?post=441"}],"version-history":[{"count":25,"href":"https:\/\/agilepartnership.com\/fr\/wp-json\/wp\/v2\/pages\/441\/revisions"}],"predecessor-version":[{"id":857,"href":"https:\/\/agilepartnership.com\/fr\/wp-json\/wp\/v2\/pages\/441\/revisions\/857"}],"up":[{"embeddable":true,"href":"https:\/\/agilepartnership.com\/fr\/wp-json\/wp\/v2\/pages\/185"}],"wp:featuredmedia":[{"embeddable":true,"href":"https:\/\/agilepartnership.com\/fr\/wp-json\/wp\/v2\/media\/442"}],"wp:attachment":[{"href":"https:\/\/agilepartnership.com\/fr\/wp-json\/wp\/v2\/media?parent=441"}],"curies":[{"name":"wp","href":"https:\/\/api.w.org\/{rel}","templated":true}]}}