{"id":479,"date":"2024-04-14T22:58:22","date_gmt":"2024-04-14T21:58:22","guid":{"rendered":"https:\/\/agilepartnership.com\/?page_id=479"},"modified":"2024-04-25T18:03:49","modified_gmt":"2024-04-25T17:03:49","slug":"martin-goyette","status":"publish","type":"page","link":"https:\/\/agilepartnership.com\/fr\/team\/martin-goyette\/","title":{"rendered":"Martin Goyette"},"content":{"rendered":"<p>Martin est un professionnel en accompagnement qui sert et conseille le domaine des technologies de l\u2019information depuis plus d\u2019une dizaine d\u2019ann\u00e9es (t\u00e9l\u00e9communications, transport, bancaire, syndicat, sant\u00e9, assurances). \u00c0 titre de pr\u00e9sident de la Communaut\u00e9 Agile de Montr\u00e9al, Martin est fortement impliqu\u00e9 dans la promotion de sa passion et ses croyances. Martin est dipl\u00f4m\u00e9 de l\u2019\u00c9TS d\u2019un baccalaur\u00e9at en g\u00e9nie logiciel et d\u2019une ma\u00eetrise en g\u00e9nie, technologies de l\u2019information. Depuis 2008, il se consacre \u00e0 Lean ainsi qu\u2019\u00e0 l\u2019agilit\u00e9 et a obtenu plusieurs reconnaissances professionnelles venant certifier son exp\u00e9rience.<\/p>","protected":false},"excerpt":{"rendered":"<p>Martin est un professionnel en accompagnement qui sert et conseille le domaine des technologies de l\u2019information depuis plus d\u2019une dizaine d\u2019ann\u00e9es (t\u00e9l\u00e9communications, transport, bancaire, syndicat, sant\u00e9, assurances). \u00c0 titre de pr\u00e9sident de la Communaut\u00e9 Agile de Montr\u00e9al, Martin est fortement impliqu\u00e9 dans la promotion de sa passion et ses croyances. Martin est dipl\u00f4m\u00e9 de l\u2019\u00c9TS [&hellip;]<\/p>\n","protected":false},"author":1,"featured_media":480,"parent":185,"menu_order":0,"comment_status":"closed","ping_status":"closed","template":"","meta":{"_acf_changed":false,"_monsterinsights_skip_tracking":false,"_monsterinsights_sitenote_active":false,"_monsterinsights_sitenote_note":"","_monsterinsights_sitenote_category":0,"footnotes":""},"class_list":["post-479","page","type-page","status-publish","has-post-thumbnail","hentry"],"acf":[],"aioseo_notices":[],"_links":{"self":[{"href":"https:\/\/agilepartnership.com\/fr\/wp-json\/wp\/v2\/pages\/479","targetHints":{"allow":["GET"]}}],"collection":[{"href":"https:\/\/agilepartnership.com\/fr\/wp-json\/wp\/v2\/pages"}],"about":[{"href":"https:\/\/agilepartnership.com\/fr\/wp-json\/wp\/v2\/types\/page"}],"author":[{"embeddable":true,"href":"https:\/\/agilepartnership.com\/fr\/wp-json\/wp\/v2\/users\/1"}],"replies":[{"embeddable":true,"href":"https:\/\/agilepartnership.com\/fr\/wp-json\/wp\/v2\/comments?post=479"}],"version-history":[{"count":2,"href":"https:\/\/agilepartnership.com\/fr\/wp-json\/wp\/v2\/pages\/479\/revisions"}],"predecessor-version":[{"id":741,"href":"https:\/\/agilepartnership.com\/fr\/wp-json\/wp\/v2\/pages\/479\/revisions\/741"}],"up":[{"embeddable":true,"href":"https:\/\/agilepartnership.com\/fr\/wp-json\/wp\/v2\/pages\/185"}],"wp:featuredmedia":[{"embeddable":true,"href":"https:\/\/agilepartnership.com\/fr\/wp-json\/wp\/v2\/media\/480"}],"wp:attachment":[{"href":"https:\/\/agilepartnership.com\/fr\/wp-json\/wp\/v2\/media?parent=479"}],"curies":[{"name":"wp","href":"https:\/\/api.w.org\/{rel}","templated":true}]}}