{"id":515,"date":"2024-04-15T16:31:00","date_gmt":"2024-04-15T15:31:00","guid":{"rendered":"https:\/\/agilepartnership.com\/?page_id=515"},"modified":"2024-07-03T12:44:46","modified_gmt":"2024-07-03T16:44:46","slug":"agile-coaching","status":"publish","type":"page","link":"https:\/\/agilepartnership.com\/fr\/our-services\/agile-coaching\/","title":{"rendered":"Coaching agile"},"content":{"rendered":"<div data-elementor-type=\"wp-page\" data-elementor-id=\"515\" class=\"elementor elementor-515\" data-elementor-post-type=\"page\">\n\t\t\t\t<div class=\"elementor-element elementor-element-1ce080d e-flex e-con-boxed e-con e-parent\" data-id=\"1ce080d\" data-element_type=\"container\" data-e-type=\"container\">\n\t\t\t\t\t<div class=\"e-con-inner\">\n\t\t\t\t<div class=\"elementor-element elementor-element-6eb44fc elementor-widget elementor-widget-heading\" data-id=\"6eb44fc\" data-element_type=\"widget\" data-e-type=\"widget\" data-widget_type=\"heading.default\">\n\t\t\t\t<div class=\"elementor-widget-container\">\n\t\t\t\t\t<h2 class=\"elementor-heading-title elementor-size-default\">Coaching agile<\/h2>\t\t\t\t<\/div>\n\t\t\t\t<\/div>\n\t\t\t\t\t<\/div>\n\t\t\t\t<\/div>\n\t\t<div class=\"elementor-element elementor-element-48bb72b e-flex e-con-boxed e-con e-parent\" data-id=\"48bb72b\" data-element_type=\"container\" data-e-type=\"container\">\n\t\t\t\t\t<div class=\"e-con-inner\">\n\t\t\t\t<div class=\"elementor-element elementor-element-b2a2f18 elementor-widget__width-initial elementor-widget elementor-widget-image\" data-id=\"b2a2f18\" data-element_type=\"widget\" data-e-type=\"widget\" data-widget_type=\"image.default\">\n\t\t\t\t<div class=\"elementor-widget-container\">\n\t\t\t\t\t\t\t\t\t\t\t\t\t\t\t<img fetchpriority=\"high\" decoding=\"async\" width=\"598\" height=\"597\" src=\"https:\/\/agilepartnership.com\/wp-content\/uploads\/2024\/04\/Agility-is-fun.png\" class=\"attachment-full size-full wp-image-558\" alt=\"\" srcset=\"https:\/\/agilepartnership.com\/wp-content\/uploads\/2024\/04\/Agility-is-fun.png 598w, https:\/\/agilepartnership.com\/wp-content\/uploads\/2024\/04\/Agility-is-fun-300x300.png 300w, https:\/\/agilepartnership.com\/wp-content\/uploads\/2024\/04\/Agility-is-fun-150x150.png 150w\" sizes=\"(max-width: 598px) 100vw, 598px\" \/>\t\t\t\t\t\t\t\t\t\t\t\t\t\t\t<\/div>\n\t\t\t\t<\/div>\n\t\t\t\t<div class=\"elementor-element elementor-element-92fe60b elementor-widget elementor-widget-text-editor\" data-id=\"92fe60b\" data-element_type=\"widget\" data-e-type=\"widget\" data-widget_type=\"text-editor.default\">\n\t\t\t\t<div class=\"elementor-widget-container\">\n\t\t\t\t\t\t\t\t\t<div class=\"content\" tabindex=\"0\" aria-description=\"\" aria-label=\"Sent by Copilot: We are working with you to implement a gradual reorganization that will foster an exceptional work environment. By enhancing creativity, productivity, and efficiency, you will achieve more cohesive teams that focus on improved products and services, and a better return on your investments. - **Diagnostic** - to understand where you are - **Project Kickoffs** - to build your team around a shared mission - **Team Support** - towards collaboration and productivity - **Leadership Role Support** - towards optimal ROI and autonomous teams - **Management Support** - towards clear objectives and agile values **Services for Management** - Senior Executive Support - Open Forum - Lego Serious Play(tm) - Large Scale Agility - Project Portfolio - Company Diagnostic **Services for Teams** - Project Kickoffs - Team Coaching - Scrum Master Coaching - Product Owner Coaching - Community of Practices - Scrum Meetings: Planning, Review, Retrospective, Product Backlog Refinement - Team Diagnostic\"><div class=\"ac-container ac-adaptiveCard\"><div class=\"ac-textBlock\"><p>Nous travaillons avec vous afin de mettre en place une r\u00e9organisation progressive qui favorisera un environnement de travail exceptionnel. En am\u00e9liorant la cr\u00e9ativit\u00e9, la productivit\u00e9 et l\u2019efficacit\u00e9, vous obtiendrez des \u00e9quipes plus coh\u00e9rentes qui mettent l\u2019accent sur des produits et des services am\u00e9lior\u00e9s ainsi qu\u2019un meilleur retour sur vos investissements.<\/p><ul><li><strong>Diagnostic<\/strong> \u2013 pour comprendre l\u00e0 o\u00f9 vous en \u00eates<\/li><li><strong>D\u00e9collages de projet<\/strong> \u2013 pour construire votre \u00e9quipe autour d\u2019une mission partag\u00e9e<\/li><li><strong>Accompagnement des \u00e9quipes<\/strong> \u2013 vers la collaboration et la productivit\u00e9<\/li><li><strong>Accompagnement des r\u00f4les de leadership<\/strong> \u2013 vers un ROI optimal et des \u00e9quipes autonomes<\/li><li><strong>Accompagnement de la direction<\/strong> \u2013 vers des objectifs clairs et des valeurs agiles<\/li><\/ul><p><strong>Services \u00e0 la direction<\/strong><\/p><ul><li>Accompagnement des cadres sup\u00e9rieurs<\/li><li>Forum ouvert<\/li><li>Lego Serious Play\u2122<\/li><li>Agilit\u00e9 \u00e0 grande \u00e9chelle<\/li><li>Portefeuille de projets<\/li><li>Diagnostic d'entreprise<\/li><\/ul><p><strong>Services aux \u00e9quipes<\/strong><\/p><ul><li>D\u00e9collage de projets<\/li><li>Coaching d'\u00e9quipe<\/li><li>Coaching de Scrum Master<\/li><li>Coaching de Product Owner<\/li><li>Communaut\u00e9 de pratiques<\/li><li>Rencontres Scrum : Planification, Revue, R\u00e9trospective, Raffinement de carnet de produit<\/li><li>Diagnostic d'\u00e9quipe<\/li><\/ul><\/div><\/div><\/div>\t\t\t\t\t\t\t\t<\/div>\n\t\t\t\t<\/div>\n\t\t\t\t\t<\/div>\n\t\t\t\t<\/div>\n\t\t\t\t<\/div>","protected":false},"excerpt":{"rendered":"<p>Agile Coaching We are working with you to implement a gradual reorganization that will foster an exceptional work environment. By enhancing creativity, productivity, and efficiency, you will achieve more cohesive teams that focus on improved products and services, and a better return on your investments. Diagnostic &#8211; to understand where you are Project Kickoffs &#8211; [&hellip;]<\/p>\n","protected":false},"author":1,"featured_media":0,"parent":230,"menu_order":0,"comment_status":"closed","ping_status":"closed","template":"elementor_header_footer","meta":{"_acf_changed":false,"_monsterinsights_skip_tracking":false,"_monsterinsights_sitenote_active":false,"_monsterinsights_sitenote_note":"","_monsterinsights_sitenote_category":0,"footnotes":""},"class_list":["post-515","page","type-page","status-publish","hentry"],"acf":[],"aioseo_notices":[],"_links":{"self":[{"href":"https:\/\/agilepartnership.com\/fr\/wp-json\/wp\/v2\/pages\/515","targetHints":{"allow":["GET"]}}],"collection":[{"href":"https:\/\/agilepartnership.com\/fr\/wp-json\/wp\/v2\/pages"}],"about":[{"href":"https:\/\/agilepartnership.com\/fr\/wp-json\/wp\/v2\/types\/page"}],"author":[{"embeddable":true,"href":"https:\/\/agilepartnership.com\/fr\/wp-json\/wp\/v2\/users\/1"}],"replies":[{"embeddable":true,"href":"https:\/\/agilepartnership.com\/fr\/wp-json\/wp\/v2\/comments?post=515"}],"version-history":[{"count":13,"href":"https:\/\/agilepartnership.com\/fr\/wp-json\/wp\/v2\/pages\/515\/revisions"}],"predecessor-version":[{"id":4719,"href":"https:\/\/agilepartnership.com\/fr\/wp-json\/wp\/v2\/pages\/515\/revisions\/4719"}],"up":[{"embeddable":true,"href":"https:\/\/agilepartnership.com\/fr\/wp-json\/wp\/v2\/pages\/230"}],"wp:attachment":[{"href":"https:\/\/agilepartnership.com\/fr\/wp-json\/wp\/v2\/media?parent=515"}],"curies":[{"name":"wp","href":"https:\/\/api.w.org\/{rel}","templated":true}]}}