{"id":885,"date":"2024-04-25T21:36:42","date_gmt":"2024-04-25T20:36:42","guid":{"rendered":"https:\/\/agilepartnership.com\/?page_id=885"},"modified":"2024-07-03T19:13:21","modified_gmt":"2024-07-03T23:13:21","slug":"jimmy-carroll","status":"publish","type":"page","link":"https:\/\/agilepartnership.com\/fr\/team\/jimmy-carroll\/","title":{"rendered":"Jimmy Carroll"},"content":{"rendered":"<div data-elementor-type=\"wp-page\" data-elementor-id=\"885\" class=\"elementor elementor-885\" data-elementor-post-type=\"page\">\n\t\t\t\t<div class=\"elementor-element elementor-element-ecc394b e-flex e-con-boxed e-con e-parent\" data-id=\"ecc394b\" data-element_type=\"container\" data-e-type=\"container\">\n\t\t\t\t\t<div class=\"e-con-inner\">\n\t\t\t\t<div class=\"elementor-element elementor-element-60cda06 elementor-widget elementor-widget-heading\" data-id=\"60cda06\" data-element_type=\"widget\" data-e-type=\"widget\" data-widget_type=\"heading.default\">\n\t\t\t\t<div class=\"elementor-widget-container\">\n\t\t\t\t\t<h2 class=\"elementor-heading-title elementor-size-default\">Coach Agile<\/h2>\t\t\t\t<\/div>\n\t\t\t\t<\/div>\n\t\t\t\t<div class=\"elementor-element elementor-element-a4192bb elementor-widget elementor-widget-text-editor\" data-id=\"a4192bb\" data-element_type=\"widget\" data-e-type=\"widget\" data-widget_type=\"text-editor.default\">\n\t\t\t\t<div class=\"elementor-widget-container\">\n\t\t\t\t\t\t\t\t\t<p>Je suis un coach Agile ind\u00e9pendant avec une passion pour la croissance et l\u2019apprentissage, apportant 18 ans d\u2019exp\u00e9rience \u00e0 la table. Tout au long de ma carri\u00e8re, j\u2019ai guid\u00e9 les \u00e9quipes dans la navigation du processus agile pour livrer des produits de haute qualit\u00e9.<\/p><p>\u00c9quip\u00e9 d\u2019un Master en gestion de projet et d\u2019un Bachelor en ing\u00e9nierie, je poss\u00e8de une solide base \u00e9ducative. De plus, je d\u00e9tiens des certifications en tant que Professional Scrum Master (PSM II) et Professional Product Owner (PSPO II), validant davantage mon expertise.<\/p><p>Mon style de coaching se caract\u00e9rise par une communication claire, une collaboration et un fort accent sur l\u2019obtention de r\u00e9sultats. Je crois fermement en la puissance du partage des id\u00e9es, des connaissances, des exp\u00e9riences et des outils pour autonomiser les autres. Avec une curiosit\u00e9 insatiable, je suis toujours d\u00e9sireux d\u2019apprendre et de m\u2019engager dans des discussions sur les derniers livres de l\u2019industrie.<\/p><p>Je suis vraiment excit\u00e9 d\u2019apporter ma passion et mon expertise \u00e0 la table, travaillant avec des organisations pour am\u00e9liorer leurs processus agiles et favoriser une culture d\u2019apprentissage et de croissance continue.<\/p>\t\t\t\t\t\t\t\t<\/div>\n\t\t\t\t<\/div>\n\t\t\t\t\t<\/div>\n\t\t\t\t<\/div>\n\t\t<div class=\"elementor-element elementor-element-f221c81 e-flex e-con-boxed e-con e-parent\" data-id=\"f221c81\" data-element_type=\"container\" data-e-type=\"container\">\n\t\t\t\t\t<div class=\"e-con-inner\">\n\t\t\t\t<div class=\"elementor-element elementor-element-12cfc73 elementor-widget elementor-widget-heading\" data-id=\"12cfc73\" data-element_type=\"widget\" data-e-type=\"widget\" data-widget_type=\"heading.default\">\n\t\t\t\t<div class=\"elementor-widget-container\">\n\t\t\t\t\t<h2 class=\"elementor-heading-title elementor-size-default\">Quelques t\u00e9moignages:<\/h2>\t\t\t\t<\/div>\n\t\t\t\t<\/div>\n\t\t\t\t<div class=\"elementor-element elementor-element-987d232 elementor-testimonial--layout-image_left elementor-testimonial--align-left elementor-testimonial--skin-default elementor-pagination-type-bullets elementor-widget elementor-widget-testimonial-carousel\" data-id=\"987d232\" data-element_type=\"widget\" data-e-type=\"widget\" data-settings=\"{&quot;slides_per_view&quot;:&quot;1&quot;,&quot;autoplay_speed&quot;:4000,&quot;space_between&quot;:{&quot;unit&quot;:&quot;px&quot;,&quot;size&quot;:0,&quot;sizes&quot;:[]},&quot;pagination&quot;:&quot;bullets&quot;,&quot;speed&quot;:500,&quot;autoplay&quot;:&quot;yes&quot;,&quot;loop&quot;:&quot;yes&quot;,&quot;pause_on_hover&quot;:&quot;yes&quot;,&quot;pause_on_interaction&quot;:&quot;yes&quot;,&quot;space_between_tablet&quot;:{&quot;unit&quot;:&quot;px&quot;,&quot;size&quot;:10,&quot;sizes&quot;:[]},&quot;space_between_mobile&quot;:{&quot;unit&quot;:&quot;px&quot;,&quot;size&quot;:10,&quot;sizes&quot;:[]}}\" data-widget_type=\"testimonial-carousel.default\">\n\t\t\t\t<div class=\"elementor-widget-container\">\n\t\t\t\t\t\t\t<div class=\"elementor-swiper\">\n\t\t\t<div class=\"elementor-main-swiper swiper-container\">\n\t\t\t\t<div class=\"swiper-wrapper\">\n\t\t\t\t\t\t\t\t\t\t\t<div class=\"swiper-slide\">\n\t\t\t\t\t\t\t\t\t<div class=\"elementor-testimonial\">\n\t\t\t\t\t\t\t<div class=\"elementor-testimonial__content\">\n\t\t\t\t\t<div class=\"elementor-testimonial__text\">\n\t\t\t\t\t\t\"J'ai eu le plaisir de travailler un an avec Jimmy. C'est \u00e0 la fois un excellent coach et mentor avec de grandes comp\u00e9tences d'\u00e9coute. Il se soucie vraiment des gens autour de lui et est toujours l\u00e0 pour aider ou pr\u00eater l'oreille, m\u00eame lorsqu'il est d\u00e9bord\u00e9 de travail. En tant que coach, il excelle \u00e0 aider les autres \u00e0 trouver leurs propres solutions au lieu de prendre la voie facile de fournir la r\u00e9ponse, permettant aux gens de grandir et de m\u00fbrir gr\u00e2ce \u00e0 l'exp\u00e9rience. J'ai beaucoup appris gr\u00e2ce \u00e0 lui, ainsi qu'acquis de nombreux outils pour m'aider \u00e0 continuer \u00e0 le faire.\"\t\t\t\t\t<\/div>\n\t\t\t\t\t<cite class=\"elementor-testimonial__cite\"><span class=\"elementor-testimonial__name\">Maryse R.<\/span><span class=\"elementor-testimonial__title\">Coordontaeur de projet<\/span><\/cite>\t\t\t\t<\/div>\n\t\t\t\t\t\t<div class=\"elementor-testimonial__footer\">\n\t\t\t\t\t\t\t\t\t\t\t<\/div>\n\t\t<\/div>\n\t\t\t\t\t\t\t\t<\/div>\n\t\t\t\t\t\t\t\t\t\t\t<div class=\"swiper-slide\">\n\t\t\t\t\t\t\t\t\t<div class=\"elementor-testimonial\">\n\t\t\t\t\t\t\t<div class=\"elementor-testimonial__content\">\n\t\t\t\t\t<div class=\"elementor-testimonial__text\">\n\t\t\t\t\t\t\"J'ai eu le plaisir de travailler conjointement avec Jimmy au cours des 8 derniers mois et j'ai h\u00e2te de continuer \u00e0 le faire : Jimmy est une raret\u00e9 dans le monde du web qui apporte \u00e0 parts \u00e9gales cr\u00e9ativit\u00e9 et rigueur m\u00e9thodique et logique. Sa passion pour l'UX et son exp\u00e9rience en ing\u00e9nierie et en gestion de projet sont facilement apparentes tout au long de son travail. \n <br><br>\nJimmy est in\u00e9branlablement zen et toujours de bonne humeur contagieuse, c'est d\u00e9finitivement quelqu'un que vous voulez avoir autour de vous. Je suis content de l'avoir dans mon \u00e9quipe ; ) \"\t\t\t\t\t<\/div>\n\t\t\t\t\t<cite class=\"elementor-testimonial__cite\"><span class=\"elementor-testimonial__name\">Mathieu Bellerive<\/span><span class=\"elementor-testimonial__title\">Vice-Pr\u00e9sident, digital chez Product &amp; Design<\/span><\/cite>\t\t\t\t<\/div>\n\t\t\t\t\t\t<div class=\"elementor-testimonial__footer\">\n\t\t\t\t\t\t\t\t\t\t\t<\/div>\n\t\t<\/div>\n\t\t\t\t\t\t\t\t<\/div>\n\t\t\t\t\t\t\t\t\t\t\t<div class=\"swiper-slide\">\n\t\t\t\t\t\t\t\t\t<div class=\"elementor-testimonial\">\n\t\t\t\t\t\t\t<div class=\"elementor-testimonial__content\">\n\t\t\t\t\t<div class=\"elementor-testimonial__text\">\n\t\t\t\t\t\t\"J'ai travaill\u00e9 avec Jimmy pendant deux ans et cela a toujours \u00e9t\u00e9 un immense plaisir. Bien que Jimmy poss\u00e8de de nombreuses qualit\u00e9s dans le domaine de la gestion de projet (pragmatisme, conscience, contr\u00f4le), il est le plus fort en comp\u00e9tences relationnelles. Jimmy est un excellent communicateur, \u00e0 l'oral et \u00e0 l'\u00e9crit. Il peut s'adapter \u00e0 n'importe quel public, peu importe leurs positions, leurs agendas, leur contribution, leur exp\u00e9rience ou leurs humeurs. Pour couronner le tout, Jimmy est toujours souriant et tout le monde l'appr\u00e9cie.\"\t\t\t\t\t<\/div>\n\t\t\t\t\t<cite class=\"elementor-testimonial__cite\"><span class=\"elementor-testimonial__name\">Guillaume Gamache Emard<\/span><span class=\"elementor-testimonial__title\">Directeur de livraison digital chez auto TRADER.ca<\/span><\/cite>\t\t\t\t<\/div>\n\t\t\t\t\t\t<div class=\"elementor-testimonial__footer\">\n\t\t\t\t\t\t\t\t\t\t\t<\/div>\n\t\t<\/div>\n\t\t\t\t\t\t\t\t<\/div>\n\t\t\t\t\t\t\t\t\t\t\t<div class=\"swiper-slide\">\n\t\t\t\t\t\t\t\t\t<div class=\"elementor-testimonial\">\n\t\t\t\t\t\t\t<div class=\"elementor-testimonial__content\">\n\t\t\t\t\t<div class=\"elementor-testimonial__text\">\n\t\t\t\t\t\t\"Jimmy est l'un des chefs de projet les plus organis\u00e9s avec qui j'ai jamais travaill\u00e9. Il est excellent pour g\u00e9rer beaucoup de clients diff\u00e9rents et les situations qui peuvent survenir. \n <br><br>\n\u00c9tant un excellent chef de projet avec une bonne compr\u00e9hension de la technologie web, Jimmy est vraiment un atout important pour tout projet sur lequel il travaille.\"\t\t\t\t\t<\/div>\n\t\t\t\t\t<cite class=\"elementor-testimonial__cite\"><span class=\"elementor-testimonial__name\">Pierre Lambert<\/span><span class=\"elementor-testimonial__title\">Directeur exp\u00e9rience usag\u00e9 et design<\/span><\/cite>\t\t\t\t<\/div>\n\t\t\t\t\t\t<div class=\"elementor-testimonial__footer\">\n\t\t\t\t\t\t\t\t\t\t\t<\/div>\n\t\t<\/div>\n\t\t\t\t\t\t\t\t<\/div>\n\t\t\t\t\t\t\t\t\t\t\t<div class=\"swiper-slide\">\n\t\t\t\t\t\t\t\t\t<div class=\"elementor-testimonial\">\n\t\t\t\t\t\t\t<div class=\"elementor-testimonial__content\">\n\t\t\t\t\t<div class=\"elementor-testimonial__text\">\n\t\t\t\t\t\t\"Jimmy est une personne et un chef de projet tr\u00e8s orient\u00e9 vers les d\u00e9tails. Pendant mon exp\u00e9rience chez Bell web solutions, Bell Canada, j'ai eu l'occasion de travailler avec lui sur plusieurs projets et je peux dire que Jimmy m'a beaucoup aid\u00e9 en me soutenant pour r\u00e9pondre aux besoins et aux probl\u00e8mes quotidiens des clients. De plus, il a une grande culture internet et web. Jimmy est une personne tr\u00e8s positive et quelqu'un que vous voulez avoir dans votre \u00e9quipe.\"\t\t\t\t\t<\/div>\n\t\t\t\t\t<cite class=\"elementor-testimonial__cite\"><span class=\"elementor-testimonial__name\">Frederic Maisonnasse<\/span><span class=\"elementor-testimonial__title\">Managing Director<\/span><\/cite>\t\t\t\t<\/div>\n\t\t\t\t\t\t<div class=\"elementor-testimonial__footer\">\n\t\t\t\t\t\t\t\t\t\t\t<\/div>\n\t\t<\/div>\n\t\t\t\t\t\t\t\t<\/div>\n\t\t\t\t\t\t\t\t\t\t\t<div class=\"swiper-slide\">\n\t\t\t\t\t\t\t\t\t<div class=\"elementor-testimonial\">\n\t\t\t\t\t\t\t<div class=\"elementor-testimonial__content\">\n\t\t\t\t\t<div class=\"elementor-testimonial__text\">\n\t\t\t\t\t\t\"Jimmy est une personne super organis\u00e9e et calme dans les situations les plus stressantes. C'est un excellent chef de projet avec qui travailler et une personne simple et facile \u00e0 vivre. Il a toujours \u00e9t\u00e9 appr\u00e9ci\u00e9 par l'\u00e9quipe informatique. Un homme sur qui on peut toujours compter.\"\t\t\t\t\t<\/div>\n\t\t\t\t\t<cite class=\"elementor-testimonial__cite\"><span class=\"elementor-testimonial__name\">Jean-Pierre Cyrenne<\/span><span class=\"elementor-testimonial__title\">Leader de la transformation organisationnelle<\/span><\/cite>\t\t\t\t<\/div>\n\t\t\t\t\t\t<div class=\"elementor-testimonial__footer\">\n\t\t\t\t\t\t\t\t\t\t\t<\/div>\n\t\t<\/div>\n\t\t\t\t\t\t\t\t<\/div>\n\t\t\t\t\t\t\t\t\t<\/div>\n\t\t\t\t\t\t\t\t\t\t\t\t\t\t\t<div class=\"swiper-pagination\"><\/div>\n\t\t\t\t\t\t\t\t\t\t\t\t\t\t\t\t\t<\/div>\n\t\t<\/div>\n\t\t\t\t\t\t<\/div>\n\t\t\t\t<\/div>\n\t\t\t\t\t<\/div>\n\t\t\t\t<\/div>\n\t\t\t\t<\/div>","protected":false},"excerpt":{"rendered":"<p>Agile Coach I&#8217;m a freelance Agile Coach with a passion for growth and learning, bringing 18 years of experience to the table. Throughout my career, I have guided teams in navigating the agile process to deliver high-quality products. Equipped with a Master&#8217;s degree in Project Management and a Bachelor&#8217;s degree in Engineering, I possess a [&hellip;]<\/p>\n","protected":false},"author":1,"featured_media":884,"parent":185,"menu_order":0,"comment_status":"closed","ping_status":"closed","template":"","meta":{"_acf_changed":false,"_monsterinsights_skip_tracking":false,"_monsterinsights_sitenote_active":false,"_monsterinsights_sitenote_note":"","_monsterinsights_sitenote_category":0,"footnotes":""},"class_list":["post-885","page","type-page","status-publish","has-post-thumbnail","hentry"],"acf":[],"aioseo_notices":[],"_links":{"self":[{"href":"https:\/\/agilepartnership.com\/fr\/wp-json\/wp\/v2\/pages\/885","targetHints":{"allow":["GET"]}}],"collection":[{"href":"https:\/\/agilepartnership.com\/fr\/wp-json\/wp\/v2\/pages"}],"about":[{"href":"https:\/\/agilepartnership.com\/fr\/wp-json\/wp\/v2\/types\/page"}],"author":[{"embeddable":true,"href":"https:\/\/agilepartnership.com\/fr\/wp-json\/wp\/v2\/users\/1"}],"replies":[{"embeddable":true,"href":"https:\/\/agilepartnership.com\/fr\/wp-json\/wp\/v2\/comments?post=885"}],"version-history":[{"count":30,"href":"https:\/\/agilepartnership.com\/fr\/wp-json\/wp\/v2\/pages\/885\/revisions"}],"predecessor-version":[{"id":4789,"href":"https:\/\/agilepartnership.com\/fr\/wp-json\/wp\/v2\/pages\/885\/revisions\/4789"}],"up":[{"embeddable":true,"href":"https:\/\/agilepartnership.com\/fr\/wp-json\/wp\/v2\/pages\/185"}],"wp:featuredmedia":[{"embeddable":true,"href":"https:\/\/agilepartnership.com\/fr\/wp-json\/wp\/v2\/media\/884"}],"wp:attachment":[{"href":"https:\/\/agilepartnership.com\/fr\/wp-json\/wp\/v2\/media?parent=885"}],"curies":[{"name":"wp","href":"https:\/\/api.w.org\/{rel}","templated":true}]}}